{"id":90,"date":"2015-08-28T13:32:12","date_gmt":"2015-08-28T13:32:12","guid":{"rendered":"http:\/\/zozothemes.com\/wp\/mist\/xml\/?page_id=90"},"modified":"2022-02-21T11:22:05","modified_gmt":"2022-02-21T16:22:05","slug":"membres","status":"publish","type":"page","link":"https:\/\/hndgatineau.org\/fr\/membres\/","title":{"rendered":"Membres"},"content":{"rendered":"<div class=\"wpb-content-wrapper\"><p>[vc_row center_row=\u00a0\u00bbyes\u00a0\u00bb][vc_column]<div id=\"ultimate-heading-992969f9d5cf73467\" class=\"uvc-heading ult-adjust-bottom-margin ultimate-heading-992969f9d5cf73467 uvc-2902 \" data-hspacer=\"line_only\"  data-halign=\"center\" style=\"text-align:center\"><div class=\"uvc-main-heading ult-responsive\"  data-ultimate-target='.uvc-heading.ultimate-heading-992969f9d5cf73467 h1'  data-responsive-json-new='{\"font-size\":\"\",\"line-height\":\"\"}' ><h1 style=\"font-weight:normal;\">MEMBRES DU CONSEIL D\u2019ADMINISTRATION<\/h1><\/div><div class=\"uvc-heading-spacer line_only\" style=\"topheight:2px;\"><span class=\"uvc-headings-line\" style=\"border-style:solid;border-bottom-width:2px;border-color:#dda83c;width:120px;\"><\/span><\/div><\/div>[vc_empty_space height=\u00a0\u00bb70px\u00a0\u00bb]<div class=\"zozo-team-grid-wrapper wpb_animate_when_almost_visible wpb_top-to-bottom team-columns-3\"><div class=\"row team-grid-inner\"><div class=\"team-item col-sm-4 col-xs-12 text-center\"><div class=\"team-content\"><h5 class=\"team-member-name\"><a href=\"https:\/\/hndgatineau.org\/fr\/team\/jean-baptiste-lemay\/\" title=\"Jean-Baptiste Lemay\">Jean-Baptiste Lemay<\/a><\/h5><span class=\"team-member-designation\">Pr\u00e9sident<\/span><\/div><\/div><div class=\"team-item col-sm-4 col-xs-12 text-center\"><div class=\"team-content\"><h5 class=\"team-member-name\"><a href=\"https:\/\/hndgatineau.org\/fr\/team\/karine-bernard\/\" title=\"Karine Bernard\">Karine Bernard<\/a><\/h5><span class=\"team-member-designation\">Vice-pr\u00e9sidente<\/span><\/div><\/div><div class=\"team-item col-sm-4 col-xs-12 text-center\"><div class=\"team-content\"><h5 class=\"team-member-name\"><a href=\"https:\/\/hndgatineau.org\/fr\/team\/stephanie-cyr\/\" title=\"St\u00e9phanie Cyr\">St\u00e9phanie Cyr<\/a><\/h5><span class=\"team-member-designation\">Secr\u00e9taire<\/span><\/div><\/div><div class=\"team-clearfix clearfix\"><\/div><div class=\"team-item col-sm-4 col-xs-12 text-center\"><div class=\"team-content\"><h5 class=\"team-member-name\"><a href=\"https:\/\/hndgatineau.org\/fr\/team\/paula-germain\/\" title=\"Paula Germain\">Paula Germain<\/a><\/h5><span class=\"team-member-designation\">Tr\u00e9sori\u00e8re<\/span><\/div><\/div><div class=\"team-item col-sm-4 col-xs-12 text-center\"><div class=\"team-content\"><h5 class=\"team-member-name\"><a href=\"https:\/\/hndgatineau.org\/fr\/team\/sebastien-piche-comptois\/\" title=\"S\u00e9bastien Pich\u00e9-Comptois\">S\u00e9bastien Pich\u00e9-Comptois<\/a><\/h5><span class=\"team-member-designation\">Administrateur<\/span><\/div><\/div><div class=\"team-item col-sm-4 col-xs-12 text-center\"><div class=\"team-content\"><h5 class=\"team-member-name\"><a href=\"https:\/\/hndgatineau.org\/fr\/team\/martine-godard\/\" title=\"Martine Godard\">Martine Godard<\/a><\/h5><span class=\"team-member-designation\">Administrateur<\/span><\/div><\/div><div class=\"team-clearfix clearfix\"><\/div><div class=\"team-item col-sm-4 col-xs-12 text-center\"><div class=\"team-content\"><h5 class=\"team-member-name\"><a href=\"https:\/\/hndgatineau.org\/fr\/team\/marie-therese-umumararungu\/\" title=\"Marie-Th\u00e9r\u00e8se Umumararungu\">Marie-Th\u00e9r\u00e8se Umumararungu<\/a><\/h5><span class=\"team-member-designation\">Administrateur<\/span><\/div><\/div><\/div><\/div>[\/vc_column][\/vc_row][vc_row center_row=\u00a0\u00bbyes\u00a0\u00bb bg_type=\u00a0\u00bbbg_color\u00a0\u00bb bg_override=\u00a0\u00bbfull\u00a0\u00bb bg_color_value=\u00a0\u00bb#eaeaea\u00a0\u00bb][vc_column]<div id=\"ultimate-heading-280469f9d5cf7a118\" class=\"uvc-heading ult-adjust-bottom-margin ultimate-heading-280469f9d5cf7a118 uvc-2865 \" data-hspacer=\"line_only\"  data-halign=\"center\" style=\"text-align:center\"><div class=\"uvc-main-heading ult-responsive\"  data-ultimate-target='.uvc-heading.ultimate-heading-280469f9d5cf7a118 h1'  data-responsive-json-new='{\"font-size\":\"\",\"line-height\":\"\"}' ><h1 style=\"font-weight:normal;\">NOTRE \u00c9QUIPE<\/h1><\/div><div class=\"uvc-heading-spacer line_only\" style=\"topheight:2px;\"><span class=\"uvc-headings-line\" style=\"border-style:solid;border-bottom-width:2px;border-color:#dda83c;width:120px;\"><\/span><\/div><\/div>[vc_empty_space height=\u00a0\u00bb70px\u00a0\u00bb]<div class=\"zozo-team-grid-wrapper wpb_animate_when_almost_visible wpb_top-to-bottom team-columns-4\"><div class=\"row team-grid-inner\"><div class=\"team-item col-md-3 col-sm-6 col-xs-12 text-center\"><div class=\"team-content\"><h5 class=\"team-member-name\"><a href=\"https:\/\/hndgatineau.org\/fr\/team\/marie-claude-leclair\/\" title=\"Marie-Claude Leclair\">Marie-Claude Leclair<\/a><\/h5><span class=\"team-member-designation\">Directrice g\u00e9n\u00e9rale<\/span><\/div><\/div><div class=\"team-item col-md-3 col-sm-6 col-xs-12 text-center\"><div class=\"team-content\"><h5 class=\"team-member-name\"><a href=\"https:\/\/hndgatineau.org\/fr\/team\/celine-gregoire\/\" title=\"M\u00e9lanie Bronsard\">M\u00e9lanie Bronsard<\/a><\/h5><span class=\"team-member-designation\">Adjointe administrative<\/span><\/div><\/div><div class=\"team-item col-md-3 col-sm-6 col-xs-12 text-center\"><div class=\"team-content\"><h5 class=\"team-member-name\"><a href=\"https:\/\/hndgatineau.org\/fr\/team\/carolyne-lucas-2\/\" title=\"Carolyne Lucas\">Carolyne Lucas<\/a><\/h5><span class=\"team-member-designation\">Coordonnatrice <\/span><\/div><\/div><div class=\"team-item col-md-3 col-sm-6 col-xs-12 text-center\"><div class=\"team-content\"><h5 class=\"team-member-name\"><a href=\"https:\/\/hndgatineau.org\/fr\/team\/etienne-girard\/\" title=\"\u00c9tienne Girard\">\u00c9tienne Girard<\/a><\/h5><span class=\"team-member-designation\">Agent d'int\u00e9gration communautaire<\/span><\/div><\/div><div class=\"team-clearfix clearfix\"><\/div><div class=\"team-item col-md-3 col-sm-6 col-xs-12 text-center\"><div class=\"team-content\"><h5 class=\"team-member-name\"><a href=\"https:\/\/hndgatineau.org\/fr\/team\/paule-karen-tohouri-2\/\" title=\"Paule-Karen Tohouri\">Paule-Karen Tohouri<\/a><\/h5><span class=\"team-member-designation\">Agente d\u2019int\u00e9gration communautaire<\/span><\/div><\/div><div class=\"team-item col-md-3 col-sm-6 col-xs-12 text-center\"><div class=\"team-content\"><h5 class=\"team-member-name\"><a href=\"https:\/\/hndgatineau.org\/fr\/team\/cynthia-fortin-mckinnon-2\/\" title=\"Fr\u00e9d\u00e9rique Rowe-Parisien\">Fr\u00e9d\u00e9rique Rowe-Parisien<\/a><\/h5><span class=\"team-member-designation\">Agente d'int\u00e9gration communautaire<\/span><\/div><\/div><div class=\"team-item col-md-3 col-sm-6 col-xs-12 text-center\"><div class=\"team-content\"><h5 class=\"team-member-name\"><a href=\"https:\/\/hndgatineau.org\/fr\/team\/melyna-landriault\/\" title=\"M\u00e9lyna Landriault\">M\u00e9lyna Landriault<\/a><\/h5><span class=\"team-member-designation\">Agente d'int\u00e9gration communautaire<\/span><\/div><\/div><div class=\"team-item col-md-3 col-sm-6 col-xs-12 text-center\"><div class=\"team-content\"><h5 class=\"team-member-name\"><a href=\"https:\/\/hndgatineau.org\/fr\/team\/caitlyne-jodoin\/\" title=\"Caitlyne Jodoin\">Caitlyne Jodoin<\/a><\/h5><span class=\"team-member-designation\">Agente d'int\u00e9gration communautaire<\/span><\/div><\/div><\/div><\/div>[\/vc_column][\/vc_row][vc_row bg_style=\u00a0\u00bbbg-normal\u00a0\u00bb center_row=\u00a0\u00bbyes\u00a0\u00bb css=\u00a0\u00bb.vc_custom_1637685640411{padding-top: 45px !important;padding-bottom: 45px !important;}\u00a0\u00bb][vc_column css=\u00a0\u00bb.vc_custom_1440852446149{margin-top: -15px !important;}\u00a0\u00bb offset=\u00a0\u00bbvc_col-lg-3 vc_col-md-3&Prime;][vc_column_text css_animation=\u00a0\u00bbappear\u00a0\u00bb]<\/p>\n<h2><span style=\"color: #595a5a;\">COMMENT PEUX TU AIDER ?<\/span><\/h2>\n<p>[\/vc_column_text][\/vc_column][vc_column offset=\u00a0\u00bbvc_col-lg-9 vc_col-md-9&Prime;][vc_row_inner][vc_column_inner width=\u00a0\u00bb1\/3&Prime; offset=\u00a0\u00bbvc_col-lg-4 vc_col-md-4&Prime;]<div class=\"zozo-feature-box feature-box-style style-default-box style-sep-yes  wpb_animate_when_almost_visible wpb_left-to-right\" id=\"feature-box-1\"><div class=\"grid-item\"><div class=\"grid-box-inner grid-text-left grid-box-exlarge grid-box-icon-none grid-shape-none\"><div class=\"grid-icon-wrapper icon-hv-color shape-icon-none\"><i class=\"icomoon2 icomoon2-number11 grid-icon zozo-icon icon-none icon-skin-light icon-bg pattern-1 icon-exlarge\"><\/i><\/div><div class=\"grid-content-wrapper\"><h4 class=\"grid-title \" style=\"color:#595a5a;\">DEVENEZ B\u00c9N\u00c9VOLE<\/h4><\/div><\/div><\/div><\/div>[\/vc_column_inner][vc_column_inner width=\u00a0\u00bb1\/3&Prime;]<div class=\"zozo-feature-box feature-box-style style-default-box style-sep-yes  wpb_animate_when_almost_visible wpb_appear\" id=\"feature-box-2\"><div class=\"grid-item\"><div class=\"grid-box-inner grid-text-left grid-box-exlarge grid-box-icon-none grid-shape-none\"><div class=\"grid-icon-wrapper icon-hv-color shape-icon-none\"><i class=\"icomoon2 icomoon2-number12 grid-icon zozo-icon icon-none icon-skin-light icon-bg pattern-1 icon-exlarge\"><\/i><\/div><div class=\"grid-content-wrapper\"><h4 class=\"grid-title \" style=\"color:#595a5a;\">FAIRE UN DON<\/h4><\/div><\/div><\/div><\/div>[\/vc_column_inner][vc_column_inner width=\u00a0\u00bb1\/3&Prime;]<div class=\"zozo-feature-box feature-box-style style-default-box style-sep-yes  wpb_animate_when_almost_visible wpb_right-to-left\" id=\"feature-box-3\"><div class=\"grid-item\"><div class=\"grid-box-inner grid-text-left grid-box-exlarge grid-box-icon-none grid-shape-none\"><div class=\"grid-icon-wrapper icon-hv-color shape-icon-none\"><i class=\"icomoon2 icomoon2-number13 grid-icon zozo-icon icon-none icon-skin-light icon-bg pattern-1 icon-exlarge\"><\/i><\/div><div class=\"grid-content-wrapper\"><h4 class=\"grid-title \" style=\"color:#595a5a;\">DEVENEZ STAGIAIRE<\/h4><\/div><\/div><\/div><\/div>[\/vc_column_inner][\/vc_row_inner][\/vc_column][\/vc_row][vc_row bg_style=\u00a0\u00bbdark-wrapper\u00a0\u00bb center_row=\u00a0\u00bbyes\u00a0\u00bb typo_style=\u00a0\u00bblight\u00a0\u00bb css=\u00a0\u00bb.vc_custom_1637778782208{border-bottom-width: 0px !important;padding-bottom: 32px !important;}\u00a0\u00bb][vc_column width=\u00a0\u00bb1\/2&Prime; typo_style=\u00a0\u00bbdark\u00a0\u00bb][vc_single_image image=\u00a0\u00bb532&Prime; img_size=\u00a0\u00bbfull\u00a0\u00bb][\/vc_column][vc_column width=\u00a0\u00bb1\/2&Prime;]<div class=\"zozo-parallax-header wpb_animate_when_almost_visible wpb_bottom-to-top\"><div class=\"parallax-header\"><h4 class=\"parallax-title text-left\">NOS R\u00c9SIDENCES<\/h4><div class=\"parallax-desc default-style text-left\"><p><strong>CHAQUE PERSONNE<\/strong> qui d\u00e9sire nos services de soutien au logement doit s\u2019impliquer car :<\/p>\n<ul>\n<li>Nous travaillons en concertation avec la personne et son \u00e9quipe de suivi<\/li>\n<li>Nous suivons un plan d\u2019intervention individualis\u00e9 fait sp\u00e9cifiquement pour et avec la personne et son \u00e9quipe de suivi<\/li>\n<li>Nous \u00e9tablissons des d\u00e9marches \u00e0 suivre personnalis\u00e9es, \u00e9tablies \u00e0 partir des besoins de chaque personne.<\/li>\n<\/ul>\n<\/div><\/div><\/div>[vc_btn title=\u00a0\u00bbEN SAVOIR PLUS\u00a0\u00bb align=\u00a0\u00bbleft\u00a0\u00bb css_animation=\u00a0\u00bbappear\u00a0\u00bb link=\u00a0\u00bburl:%2Fnous-joindre%2F\u00a0\u00bb][\/vc_column][\/vc_row]<\/p>\n<\/div>","protected":false},"excerpt":{"rendered":"<p>[vc_row center_row=\u00a0\u00bbyes\u00a0\u00bb][vc_column][vc_empty_space height=\u00a0\u00bb70px\u00a0\u00bb][\/vc_column][\/vc_row][vc_row center_row=\u00a0\u00bbyes\u00a0\u00bb bg_type=\u00a0\u00bbbg_color\u00a0\u00bb bg_override=\u00a0\u00bbfull\u00a0\u00bb bg_color_value=\u00a0\u00bb#eaeaea\u00a0\u00bb][vc_column][vc_empty_space height=\u00a0\u00bb70px\u00a0\u00bb][\/vc_column][\/vc_row][vc_row bg_style=\u00a0\u00bbbg-normal\u00a0\u00bb center_row=\u00a0\u00bbyes\u00a0\u00bb css=\u00a0\u00bb.vc_custom_1637685640411{padding-top: 45px !important;padding-bottom: 45px !important;}\u00a0\u00bb][vc_column css=\u00a0\u00bb.vc_custom_1440852446149{margin-top: -15px !important;}\u00a0\u00bb offset=\u00a0\u00bbvc_col-lg-3 vc_col-md-3&Prime;][vc_column_text css_animation=\u00a0\u00bbappear\u00a0\u00bb] COMMENT PEUX TU AIDER ? [\/vc_column_text][\/vc_column][vc_column offset=\u00a0\u00bbvc_col-lg-9 vc_col-md-9&Prime;][vc_row_inner][vc_column_inner width=\u00a0\u00bb1\/3&Prime;&#8230;<\/p>\n","protected":false},"author":1,"featured_media":0,"parent":0,"menu_order":0,"comment_status":"closed","ping_status":"closed","template":"template-fullwidth.php","meta":{"footnotes":""},"class_list":["post-90","page","type-page","status-publish","hentry"],"_links":{"self":[{"href":"https:\/\/hndgatineau.org\/fr\/wp-json\/wp\/v2\/pages\/90","targetHints":{"allow":["GET"]}}],"collection":[{"href":"https:\/\/hndgatineau.org\/fr\/wp-json\/wp\/v2\/pages"}],"about":[{"href":"https:\/\/hndgatineau.org\/fr\/wp-json\/wp\/v2\/types\/page"}],"author":[{"embeddable":true,"href":"https:\/\/hndgatineau.org\/fr\/wp-json\/wp\/v2\/users\/1"}],"replies":[{"embeddable":true,"href":"https:\/\/hndgatineau.org\/fr\/wp-json\/wp\/v2\/comments?post=90"}],"version-history":[{"count":22,"href":"https:\/\/hndgatineau.org\/fr\/wp-json\/wp\/v2\/pages\/90\/revisions"}],"predecessor-version":[{"id":598,"href":"https:\/\/hndgatineau.org\/fr\/wp-json\/wp\/v2\/pages\/90\/revisions\/598"}],"wp:attachment":[{"href":"https:\/\/hndgatineau.org\/fr\/wp-json\/wp\/v2\/media?parent=90"}],"curies":[{"name":"wp","href":"https:\/\/api.w.org\/{rel}","templated":true}]}}