{"id":371,"date":"2021-12-01T12:19:53","date_gmt":"2021-12-01T17:19:53","guid":{"rendered":"https:\/\/www.hndgatineau.org\/?page_id=371"},"modified":"2024-10-10T10:41:37","modified_gmt":"2024-10-10T14:41:37","slug":"partenaires","status":"publish","type":"page","link":"https:\/\/hndgatineau.org\/fr\/partenaires\/","title":{"rendered":"Partenaires"},"content":{"rendered":"<div class=\"wpb-content-wrapper\"><p>[vc_row center_row=\u00a0\u00bbyes\u00a0\u00bb css=\u00a0\u00bb.vc_custom_1638382004681{margin-bottom: -50px !important;background-color: #ffffff !important;}\u00a0\u00bb][vc_column css=\u00a0\u00bb.vc_custom_1638379777854{background-color: #ffffff !important;}\u00a0\u00bb][vc_row_inner][vc_column_inner width=\u00a0\u00bb1\/2&Prime;]<div id=\"ultimate-heading-865469f9d64b4ae5a\" class=\"uvc-heading ult-adjust-bottom-margin ultimate-heading-865469f9d64b4ae5a uvc-8614 \" data-hspacer=\"line_with_icon\" data-hline_width=\"150\" data-hicon_type=\"selector\" data-hborder_style=\"solid\" data-hborder_height=\"1\" data-hborder_color=\"#e1e1e1\" data-icon_width=\"14\" data-hfixer=\"10\"  data-halign=\"left\" style=\"text-align:left\"><div class=\"uvc-main-heading ult-responsive\"  data-ultimate-target='.uvc-heading.ultimate-heading-865469f9d64b4ae5a h3'  data-responsive-json-new='{\"font-size\":\"\",\"line-height\":\"\"}' ><h3 style=\"font-weight:normal;\">Partenaires subventionnaires<\/h3><\/div><div class=\"uvc-heading-spacer line_with_icon\" style=\"margin-top:15px;margin-bottom:20px;height:14px;\"><div class=\"ult-just-icon-wrapper  \"><div class=\"align-icon\" style=\"text-align:left;\">\n<div class=\"aio-icon none \"  style=\"font-size:14px;\">\n\t<i class=\"icomoonpack1-cloudy2\"><\/i>\n<\/div><\/div><\/div><\/div><\/div>[vc_column_text]Une mission telle le soutien au logement et le d\u00e9veloppement du logement autonome pour des personnes vivant avec un probl\u00e8me de sant\u00e9 mentale ne pourrait se r\u00e9aliser sans la contribution de notre partenaire financier, qui est:[\/vc_column_text][\/vc_column_inner][vc_column_inner width=\u00a0\u00bb1\/2&Prime;][vc_single_image image=\u00a0\u00bb364&Prime; img_size=\u00a0\u00bbmedium\u00a0\u00bb alignment=\u00a0\u00bbcenter\u00a0\u00bb][\/vc_column_inner][\/vc_row_inner][vc_separator][vc_column_text]En dehors de ce soutien financier, les Habitations Nouveau D\u00e9part travaillent en \u00e9troite collaboration avec la Fondation Immobili\u00e8re de l\u2019Outaouais,\u00a0 l\u2019Office d\u2019habitation de l\u2019Outaouais et Habitations de l\u2019Outaouais M\u00e9tropolitain.\u00a0 Ces partenariats permettent aux Habitations Nouveau D\u00e9part d\u2019offrir du logement subventionn\u00e9.[\/vc_column_text][vc_row_inner][vc_column_inner width=\u00a0\u00bb1\/3&Prime;][vc_single_image image=\u00a0\u00bb366&Prime; img_size=\u00a0\u00bbmedium\u00a0\u00bb alignment=\u00a0\u00bbcenter\u00a0\u00bb][\/vc_column_inner][vc_column_inner width=\u00a0\u00bb1\/3&Prime;][vc_single_image image=\u00a0\u00bb368&Prime; img_size=\u00a0\u00bbmedium\u00a0\u00bb alignment=\u00a0\u00bbcenter\u00a0\u00bb][\/vc_column_inner][vc_column_inner width=\u00a0\u00bb1\/3&Prime;][vc_single_image image=\u00a0\u00bb367&Prime; img_size=\u00a0\u00bbmedium\u00a0\u00bb alignment=\u00a0\u00bbcenter\u00a0\u00bb][\/vc_column_inner][\/vc_row_inner][\/vc_column][\/vc_row][vc_row full_width=\u00a0\u00bbstretch_row\u00a0\u00bb css=\u00a0\u00bb.vc_custom_1638382402485{background-color: #efefef !important;}\u00a0\u00bb][vc_column]<div id=\"ultimate-heading-345669f9d64b4af13\" class=\"uvc-heading ult-adjust-bottom-margin ultimate-heading-345669f9d64b4af13 uvc-7509 \" data-hspacer=\"no_spacer\"  data-halign=\"left\" style=\"text-align:left\"><div class=\"uvc-heading-spacer no_spacer\" style=\"top\"><\/div><div class=\"uvc-main-heading ult-responsive\"  data-ultimate-target='.uvc-heading.ultimate-heading-345669f9d64b4af13 h3'  data-responsive-json-new='{\"font-size\":\"\",\"line-height\":\"\"}' ><h3 style=\"font-weight:normal;\">Partenaires collaborateurs<\/h3><\/div><\/div>[vc_empty_space height=\u00a0\u00bb30px\u00a0\u00bb][vc_column_text]Le CISSSO, Le G\u00eete-Ami, Le Centre InterSection, La Maison R\u00e9alit\u00e9 Inc. et plusieurs autres partenaires tout aussi importants.[\/vc_column_text][vc_separator color=\u00a0\u00bbblack\u00a0\u00bb]<div id=\"ultimate-heading-223769f9d64b4af9b\" class=\"uvc-heading ult-adjust-bottom-margin ultimate-heading-223769f9d64b4af9b uvc-6736 \" data-hspacer=\"no_spacer\"  data-halign=\"left\" style=\"text-align:left\"><div class=\"uvc-heading-spacer no_spacer\" style=\"top\"><\/div><div class=\"uvc-main-heading ult-responsive\"  data-ultimate-target='.uvc-heading.ultimate-heading-223769f9d64b4af9b h3'  data-responsive-json-new='{\"font-size\":\"\",\"line-height\":\"\"}' ><h3 style=\"font-weight:normal;\">Regroupements<\/h3><\/div><\/div>[vc_empty_space height=\u00a0\u00bb30px\u00a0\u00bb][vc_column_text]<\/p>\n<ul>\n<li>Le FOHO<\/li>\n<li>Le ROCSMO<\/li>\n<\/ul>\n<p>[\/vc_column_text][vc_empty_space height=\u00a0\u00bb30px\u00a0\u00bb][vc_separator color=\u00a0\u00bbblack\u00a0\u00bb][\/vc_column][\/vc_row]<\/p>\n<\/div>","protected":false},"excerpt":{"rendered":"<p>[vc_row center_row=\u00a0\u00bbyes\u00a0\u00bb css=\u00a0\u00bb.vc_custom_1638382004681{margin-bottom: -50px !important;background-color: #ffffff !important;}\u00a0\u00bb][vc_column css=\u00a0\u00bb.vc_custom_1638379777854{background-color: #ffffff !important;}\u00a0\u00bb][vc_row_inner][vc_column_inner width=\u00a0\u00bb1\/2&Prime;][vc_column_text]Une mission telle le soutien au logement et le d\u00e9veloppement du logement autonome pour des personnes vivant avec un probl\u00e8me&#8230;<\/p>\n","protected":false},"author":1,"featured_media":0,"parent":0,"menu_order":0,"comment_status":"closed","ping_status":"closed","template":"","meta":{"footnotes":""},"class_list":["post-371","page","type-page","status-publish","hentry"],"_links":{"self":[{"href":"https:\/\/hndgatineau.org\/fr\/wp-json\/wp\/v2\/pages\/371","targetHints":{"allow":["GET"]}}],"collection":[{"href":"https:\/\/hndgatineau.org\/fr\/wp-json\/wp\/v2\/pages"}],"about":[{"href":"https:\/\/hndgatineau.org\/fr\/wp-json\/wp\/v2\/types\/page"}],"author":[{"embeddable":true,"href":"https:\/\/hndgatineau.org\/fr\/wp-json\/wp\/v2\/users\/1"}],"replies":[{"embeddable":true,"href":"https:\/\/hndgatineau.org\/fr\/wp-json\/wp\/v2\/comments?post=371"}],"version-history":[{"count":33,"href":"https:\/\/hndgatineau.org\/fr\/wp-json\/wp\/v2\/pages\/371\/revisions"}],"predecessor-version":[{"id":832,"href":"https:\/\/hndgatineau.org\/fr\/wp-json\/wp\/v2\/pages\/371\/revisions\/832"}],"wp:attachment":[{"href":"https:\/\/hndgatineau.org\/fr\/wp-json\/wp\/v2\/media?parent=371"}],"curies":[{"name":"wp","href":"https:\/\/api.w.org\/{rel}","templated":true}]}}