{"id":336,"date":"2021-11-30T16:36:45","date_gmt":"2021-11-30T21:36:45","guid":{"rendered":"https:\/\/www.hndgatineau.org\/?page_id=336"},"modified":"2022-01-04T11:40:51","modified_gmt":"2022-01-04T16:40:51","slug":"criteres-dadmissibilite","status":"publish","type":"page","link":"https:\/\/hndgatineau.org\/fr\/criteres-dadmissibilite\/","title":{"rendered":"Crit\u00e8res d\u2019admissibilit\u00e9"},"content":{"rendered":"<div class=\"wpb-content-wrapper\"><p>[vc_row css=\u00a0\u00bb.vc_custom_1638308197601{padding-top: 0px !important;padding-bottom: 0px !important;}\u00a0\u00bb][vc_column][vc_column_text]<\/p>\n<h2 class=\"first\">Crit\u00e8res d\u2019admissibilit\u00e9<\/h2>\n<p>Comme convenu dans l\u2019entente de services entre Cl\u00e9s en main et votre organisation, nous vous rappelons les crit\u00e8res d\u2019admissibilit\u00e9 du programme Cl\u00e9s en main :<\/p>\n<ul>\n<li>Avoir re\u00e7u un diagnostic d\u2019un trouble de sant\u00e9 mentale grave;<\/li>\n<li>Recevoir des services de l\u2019organisme r\u00e9f\u00e9rent\u00a0<strong>depuis au moins six mois<\/strong>\u00a0et accepter de recevoir un suivi pour une p\u00e9riode d\u2019au moins un an ou tant que la situation le requiert;<\/li>\n<li>Remplir les crit\u00e8res d\u2019admissibilit\u00e9 pr\u00e9vus aux r\u00e8glements d\u2019Attributions de l\u2019Office d\u2019habitation de l\u2019Outaouais (Revenu admissible, avoir r\u00e9sid\u00e9 12 mois, non cons\u00e9cutifs durant les 24 derniers mois, sur le territoire de l\u2019Outaouais et ne pas d\u00e9tenir de dette aupr\u00e8s de l\u2019OHO)<\/li>\n<li>Accepter de signer une convention de participation (engagement \u00e0 un suivi au maintien en logement autonome)<\/li>\n<li>\u00catre en mesure de s&rsquo;acquitter ses obligations de locataire avec ou sans aide (paiement du loyer, entretien du logement, assurer la jouissance paisible des lieux);<\/li>\n<\/ul>\n<p>Depuis la fusion de l\u2019Office d\u2019habitation de l\u2019Outaouais, il est possible d\u2019appliquer un programme de suppl\u00e9ment au loyer aux territoires suivants : Gatineau, Chen\u00e9ville, Papineauville, Thurso, Val-des-bois, Grand-Remous, La P\u00eache et Val-des-Monts.<\/p>\n<p><strong>Nous vous remercions de votre pr\u00e9cieuse collaboration et nous demeurons disponibles pour r\u00e9pondre \u00e0 vos \u00e9ventuelles questions.<\/strong>[\/vc_column_text][\/vc_column][\/vc_row]<\/p>\n<\/div>","protected":false},"excerpt":{"rendered":"<p>[vc_row css=\u00a0\u00bb.vc_custom_1638308197601{padding-top: 0px !important;padding-bottom: 0px !important;}\u00a0\u00bb][vc_column][vc_column_text] Crit\u00e8res d\u2019admissibilit\u00e9 Comme convenu dans l\u2019entente de services entre Cl\u00e9s en main et votre organisation, nous vous rappelons les crit\u00e8res d\u2019admissibilit\u00e9 du programme Cl\u00e9s&#8230;<\/p>\n","protected":false},"author":1,"featured_media":0,"parent":0,"menu_order":0,"comment_status":"closed","ping_status":"closed","template":"","meta":{"footnotes":""},"class_list":["post-336","page","type-page","status-publish","hentry"],"_links":{"self":[{"href":"https:\/\/hndgatineau.org\/fr\/wp-json\/wp\/v2\/pages\/336","targetHints":{"allow":["GET"]}}],"collection":[{"href":"https:\/\/hndgatineau.org\/fr\/wp-json\/wp\/v2\/pages"}],"about":[{"href":"https:\/\/hndgatineau.org\/fr\/wp-json\/wp\/v2\/types\/page"}],"author":[{"embeddable":true,"href":"https:\/\/hndgatineau.org\/fr\/wp-json\/wp\/v2\/users\/1"}],"replies":[{"embeddable":true,"href":"https:\/\/hndgatineau.org\/fr\/wp-json\/wp\/v2\/comments?post=336"}],"version-history":[{"count":2,"href":"https:\/\/hndgatineau.org\/fr\/wp-json\/wp\/v2\/pages\/336\/revisions"}],"predecessor-version":[{"id":530,"href":"https:\/\/hndgatineau.org\/fr\/wp-json\/wp\/v2\/pages\/336\/revisions\/530"}],"wp:attachment":[{"href":"https:\/\/hndgatineau.org\/fr\/wp-json\/wp\/v2\/media?parent=336"}],"curies":[{"name":"wp","href":"https:\/\/api.w.org\/{rel}","templated":true}]}}