{"id":314,"date":"2021-11-30T14:56:21","date_gmt":"2021-11-30T19:56:21","guid":{"rendered":"https:\/\/www.hndgatineau.org\/?page_id=314"},"modified":"2025-07-15T10:15:05","modified_gmt":"2025-07-15T14:15:05","slug":"formulaires","status":"publish","type":"page","link":"https:\/\/hndgatineau.org\/fr\/formulaires\/","title":{"rendered":"Formulaires"},"content":{"rendered":"<div class=\"wpb-content-wrapper\"><p>[vc_row css=\u00a0\u00bb.vc_custom_1638302252841{padding-top: 0px !important;padding-bottom: 0px !important;}\u00a0\u00bb][vc_column][vc_column_text]Veuillez prendre note que l\u2019organisme ne tient pas de liste d\u2019attente. Toute demande qui n\u2019est pas retenue sera ferm\u00e9e et un nouveau formulaire de demande de services devra \u00eatre compl\u00e9t\u00e9 en cas d\u2019appel de candidatures.<\/p>\n<p>Voici la liste des documents \u00e0 votre disposition:[\/vc_column_text][vc_column_text css=\u00a0\u00bb\u00a0\u00bb]<strong>R\u00e9sidences de groupes:<\/strong><\/p>\n<ul>\n<li><a href=\"https:\/\/www.hndgatineau.org\/fr\/wp-content\/uploads\/2025\/07\/Code-de-vie-Charles-Desnoyers-francais-2022.docx\">Code de vie \u2013 R\u00e9sidence Charles-Desnoyers<\/a><\/li>\n<li><a href=\"https:\/\/www.hndgatineau.org\/fr\/wp-content\/uploads\/2025\/07\/Code-de-vie-residence-dEvry-francais-2.docx\">Code de vie \u2013 R\u00e9sidence d&rsquo;\u00c9vry<\/a><\/li>\n<li><a href=\"https:\/\/www.hndgatineau.org\/fr\/wp-content\/uploads\/2025\/07\/Code-de-vie-St-Cyr-francais-2022-1.docx\">Code de vie \u2013 R\u00e9sidence St-Cyr<\/a><\/li>\n<\/ul>\n<p>[\/vc_column_text][\/vc_column][\/vc_row][vc_row css=\u00a0\u00bb.vc_custom_1638302252841{padding-top: 0px !important;padding-bottom: 0px !important;}\u00a0\u00bb][vc_column offset=\u00a0\u00bbvc_hidden-lg vc_hidden-md vc_hidden-sm vc_hidden-xs\u00a0\u00bb][vc_column_text]<\/p>\n<ul>\n<li><a href=\"\/demande-de-services\">Demande de services<\/a><\/li>\n<\/ul>\n<p>[\/vc_column_text][\/vc_column][\/vc_row][vc_row css=\u00a0\u00bb.vc_custom_1638302252841{padding-top: 0px !important;padding-bottom: 0px !important;}\u00a0\u00bb][vc_column][vc_column_text css=\u00a0\u00bb\u00a0\u00bb]<strong>Appartements supervis\u00e9s:<\/strong><\/p>\n<ul>\n<li><a href=\"https:\/\/www.hndgatineau.org\/fr\/wp-content\/uploads\/2025\/07\/Code-de-vie-Oak-francais-2022.docx\">Code de vie \u2013 R\u00e9sidence Oak<\/a><\/li>\n<li><a href=\"https:\/\/www.hndgatineau.org\/fr\/wp-content\/uploads\/2025\/07\/Code-de-vie-137-appartements-francais-2022.docx\">Code de vie \u2013 R\u00e9sidence 137<\/a><\/li>\n<li><a href=\"https:\/\/www.hndgatineau.org\/fr\/wp-content\/uploads\/2025\/07\/Code-de-vie-Maloney-francais-2022.docx\">Code de vie \u2013 R\u00e9sidence Maloney<\/a><\/li>\n<\/ul>\n<p>[\/vc_column_text][\/vc_column][\/vc_row][vc_row css=\u00a0\u00bb.vc_custom_1638302252841{padding-top: 0px !important;padding-bottom: 0px !important;}\u00a0\u00bb][vc_column offset=\u00a0\u00bbvc_hidden-lg vc_hidden-md vc_hidden-sm vc_hidden-xs\u00a0\u00bb][vc_column_text]<\/p>\n<ul>\n<li><a href=\"\/demande-de-services\">Demande de services<\/a><\/li>\n<\/ul>\n<p>[\/vc_column_text][\/vc_column][\/vc_row][vc_row css=\u00a0\u00bb.vc_custom_1638302252841{padding-top: 0px !important;padding-bottom: 0px !important;}\u00a0\u00bb][vc_column offset=\u00a0\u00bbvc_hidden-lg vc_hidden-md vc_hidden-sm vc_hidden-xs\u00a0\u00bb][vc_column_text]<strong>Programme cl\u00e9s en main:<\/strong><\/p>\n<ul>\n<li><a href=\"\/criteres-dadmissibilite\">Crit\u00e8res d\u2019admissibilit\u00e9<\/a><\/li>\n<li><a href=\"\/fr\/demande-de-services-pcem\/\">Demande de service PCEM<\/a><\/li>\n<\/ul>\n<p><strong>Autres:\u00a0<\/strong><\/p>\n<ul>\n<li><a href=\"\/wp-content\/uploads\/2021\/11\/Rapport-dactivites-final.pdf\" target=\"_blank\" rel=\"noopener\">Rapport d\u2019activit\u00e9s 2020-2021<\/a><\/li>\n<\/ul>\n<p>[\/vc_column_text][\/vc_column][\/vc_row]<\/p>\n<\/div>","protected":false},"excerpt":{"rendered":"<p>[vc_row css=\u00a0\u00bb.vc_custom_1638302252841{padding-top: 0px !important;padding-bottom: 0px !important;}\u00a0\u00bb][vc_column][vc_column_text]Veuillez prendre note que l\u2019organisme ne tient pas de liste d\u2019attente. Toute demande qui n\u2019est pas retenue sera ferm\u00e9e et un nouveau formulaire de demande&#8230;<\/p>\n","protected":false},"author":1,"featured_media":0,"parent":0,"menu_order":0,"comment_status":"closed","ping_status":"closed","template":"","meta":{"footnotes":""},"class_list":["post-314","page","type-page","status-publish","hentry"],"_links":{"self":[{"href":"https:\/\/hndgatineau.org\/fr\/wp-json\/wp\/v2\/pages\/314","targetHints":{"allow":["GET"]}}],"collection":[{"href":"https:\/\/hndgatineau.org\/fr\/wp-json\/wp\/v2\/pages"}],"about":[{"href":"https:\/\/hndgatineau.org\/fr\/wp-json\/wp\/v2\/types\/page"}],"author":[{"embeddable":true,"href":"https:\/\/hndgatineau.org\/fr\/wp-json\/wp\/v2\/users\/1"}],"replies":[{"embeddable":true,"href":"https:\/\/hndgatineau.org\/fr\/wp-json\/wp\/v2\/comments?post=314"}],"version-history":[{"count":42,"href":"https:\/\/hndgatineau.org\/fr\/wp-json\/wp\/v2\/pages\/314\/revisions"}],"predecessor-version":[{"id":911,"href":"https:\/\/hndgatineau.org\/fr\/wp-json\/wp\/v2\/pages\/314\/revisions\/911"}],"wp:attachment":[{"href":"https:\/\/hndgatineau.org\/fr\/wp-json\/wp\/v2\/media?parent=314"}],"curies":[{"name":"wp","href":"https:\/\/api.w.org\/{rel}","templated":true}]}}