{"id":18,"date":"2015-08-28T11:54:34","date_gmt":"2015-08-28T11:54:34","guid":{"rendered":"http:\/\/zozothemes.com\/wp\/mist\/xml\/?page_id=18"},"modified":"2025-06-26T13:09:10","modified_gmt":"2025-06-26T17:09:10","slug":"mission","status":"publish","type":"page","link":"https:\/\/hndgatineau.org\/fr\/mission\/","title":{"rendered":"Mission"},"content":{"rendered":"<div class=\"wpb-content-wrapper\"><p>[vc_row center_row=\u00a0\u00bbyes\u00a0\u00bb typo_style=\u00a0\u00bblight\u00a0\u00bb bg_type=\u00a0\u00bbbg_color\u00a0\u00bb bg_override=\u00a0\u00bbfull\u00a0\u00bb bg_color_value=\u00a0\u00bb#dda83c\u00a0\u00bb][vc_column]<div id=\"ultimate-heading-450369f9d602914b0\" class=\"uvc-heading ult-adjust-bottom-margin ultimate-heading-450369f9d602914b0 uvc-6906 \" data-hspacer=\"line_with_icon\" data-hline_width=\"150\" data-hicon_type=\"selector\" data-hborder_style=\"solid\" data-hborder_height=\"1\" data-hborder_color=\"#e1e1e1\" data-icon_width=\"14\" data-hfixer=\"10\"  data-halign=\"center\" style=\"text-align:center\"><div class=\"uvc-main-heading ult-responsive\"  data-ultimate-target='.uvc-heading.ultimate-heading-450369f9d602914b0 h3'  data-responsive-json-new='{\"font-size\":\"\",\"line-height\":\"\"}' ><h3 style=\"font-weight:normal;\">MISSION<\/h3><\/div><div class=\"uvc-heading-spacer line_with_icon\" style=\"margin-top:15px;margin-bottom:20px;height:14px;\"><div class=\"ult-just-icon-wrapper  \"><div class=\"align-icon\" style=\"text-align:center;\">\n<div class=\"aio-icon none \"  style=\"color:#e1e1e1;font-size:14px;display:inline-block;\">\n\t<i class=\"icomoonpack1-cloudy2\"><\/i>\n<\/div><\/div><\/div><\/div><div class=\"uvc-sub-heading ult-responsive\"  data-ultimate-target='.uvc-heading.ultimate-heading-450369f9d602914b0 .uvc-sub-heading '  data-responsive-json-new='{\"font-size\":\"desktop:20px;\",\"line-height\":\"\"}'  style=\"font-style:italic;font-weight:normal;margin-bottom:30px;\">Les Habitations Nouveau D\u00e9part est un organisme communautaire \u00e0 but non lucratif qui a comme mission d\u2019offrir un logement sain et ad\u00e9quat \u00e0 des personnes vivant avec un trouble de sant\u00e9 mentale, une d\u00e9ficience intellectuelle ou un trouble du spectre de l\u2019autisme et soutenir ces personnes afin de leur permettre d\u2019acqu\u00e9rir les habilet\u00e9s n\u00e9cessaires pour vivre dans un logement tout en s\u2019int\u00e9grant dans la communaut\u00e9.<\/div><\/div>[\/vc_column][\/vc_row][vc_row center_row=\u00a0\u00bbyes\u00a0\u00bb css=\u00a0\u00bb.vc_custom_1637781353026{margin-bottom: 0px !important;padding-bottom: 0px !important;}\u00a0\u00bb][vc_column]<div id=\"ultimate-heading-973169f9d60291656\" class=\"uvc-heading ult-adjust-bottom-margin ultimate-heading-973169f9d60291656 uvc-6659 \" data-hspacer=\"line_with_icon\" data-hline_width=\"150\" data-hicon_type=\"selector\" data-hborder_style=\"solid\" data-hborder_height=\"1\" data-hborder_color=\"#e1e1e1\" data-icon_width=\"14\" data-hfixer=\"10\"  data-halign=\"center\" style=\"text-align:center\"><div class=\"uvc-main-heading ult-responsive\"  data-ultimate-target='.uvc-heading.ultimate-heading-973169f9d60291656 h3'  data-responsive-json-new='{\"font-size\":\"\",\"line-height\":\"\"}' ><h3 style=\"font-weight:normal;\">VALEURS<\/h3><\/div><div class=\"uvc-heading-spacer line_with_icon\" style=\"margin-top:15px;margin-bottom:20px;height:14px;\"><div class=\"ult-just-icon-wrapper  \"><div class=\"align-icon\" style=\"text-align:center;\">\n<div class=\"aio-icon none \"  style=\"font-size:14px;display:inline-block;\">\n\t<i class=\"icomoonpack1-cloudy2\"><\/i>\n<\/div><\/div><\/div><\/div><\/div>[vc_empty_space height=\u00a0\u00bb12px\u00a0\u00bb][\/vc_column][\/vc_row][vc_row center_row=\u00a0\u00bbyes\u00a0\u00bb css=\u00a0\u00bb.vc_custom_1637781368877{margin-top: 0px !important;padding-top: 0px !important;padding-bottom: 20px !important;}\u00a0\u00bb][vc_column width=\u00a0\u00bb1\/3&Prime;]<div class=\"zozo-feature-box feature-box-style style-default-box style-sep-yes \" id=\"feature-box-1\"><div class=\"grid-item\"><div class=\"grid-box-inner grid-text-center grid-box-large grid-box-icon-none grid-shape-none\"><div class=\"grid-icon-wrapper icon-hv-color shape-icon-none\"><i class=\"fas fa-hands-helping grid-icon zozo-icon icon-none icon-skin-default icon-bg pattern-1 icon-large\"><\/i><\/div><h5 class=\"grid-title-below grid-title \" >LE RESPECT<\/h5><div class=\"grid-desc\" ><p><strong>Le respect<\/strong>\u00a0est le sentiment de consid\u00e9ration, d\u2019\u00e9gard et d\u2019attention que l\u2019on manifeste envers une personne. Il s\u2019exprime par une attitude d\u2019ouverture empreinte de r\u00e9serve et de retenue. Le respect mutuel constitue l\u2019un des fondements de relations interpersonnelles harmonieuses.<\/p>\n<\/div><\/div><\/div><\/div>[\/vc_column][vc_column width=\u00a0\u00bb1\/3&Prime;]<div class=\"zozo-feature-box feature-box-style style-default-box style-sep-yes \" id=\"feature-box-2\"><div class=\"grid-item\"><div class=\"grid-box-inner grid-text-center grid-box-large grid-box-icon-none grid-shape-none\"><div class=\"grid-icon-wrapper icon-hv-color shape-icon-none\"><i class=\"fas fa-people-carry grid-icon zozo-icon icon-none icon-skin-default icon-bg pattern-1 icon-large\"><\/i><\/div><h5 class=\"grid-title-below grid-title \" >LA COLLABORATION<\/h5><div class=\"grid-desc\" ><p><strong>La collaboration<\/strong>\u00a0se r\u00e9alise lorsqu\u2019on travaille ensemble pour atteindre un objectif commun. La collaboration peut prendre diff\u00e9rentes formes par lesquelles deux ou plusieurs personnes ou organisations s\u2019associent pour r\u00e9aliser un projet.<\/p>\n<\/div><\/div><\/div><\/div>[\/vc_column][vc_column width=\u00a0\u00bb1\/3&Prime;]<div class=\"zozo-feature-box feature-box-style style-default-box style-sep-yes \" id=\"feature-box-3\"><div class=\"grid-item\"><div class=\"grid-box-inner grid-text-center grid-box-large grid-box-icon-none grid-shape-none\"><div class=\"grid-icon-wrapper icon-hv-color shape-icon-none\"><i class=\"fas fa-users grid-icon zozo-icon icon-none icon-skin-default icon-bg pattern-1 icon-large\"><\/i><\/div><h5 class=\"grid-title-below grid-title \" >L'INT\u00c9GRIT\u00c9<\/h5><div class=\"grid-desc\" ><p><strong>L\u2019int\u00e9grit\u00e9\u00a0<\/strong>se manifeste dans la mani\u00e8re de se conduire. L\u2019int\u00e9grit\u00e9, c\u2019est aussi l\u2019absence de mauvaise intention. En parlant du caract\u00e8re int\u00e8gre d\u2019une personne, ce mot fait r\u00e9f\u00e9rence \u00e0 son honn\u00eatet\u00e9.<\/p>\n<\/div><\/div><\/div><\/div>[\/vc_column][\/vc_row][vc_row center_row=\u00a0\u00bbyes\u00a0\u00bb css=\u00a0\u00bb.vc_custom_1637683627232{padding-top: 20px !important;}\u00a0\u00bb][vc_column width=\u00a0\u00bb1\/2&Prime;]<div class=\"zozo-feature-box feature-box-style style-default-box style-sep-yes \" id=\"feature-box-4\"><div class=\"grid-item\"><div class=\"grid-box-inner grid-text-center grid-box-large grid-box-icon-none grid-shape-none\"><div class=\"grid-icon-wrapper icon-hv-color shape-icon-none\"><i class=\"fas fa-fist-raised grid-icon zozo-icon icon-none icon-skin-default icon-bg pattern-1 icon-large\"><\/i><\/div><h5 class=\"grid-title-below grid-title \" >L'ENGAGEMENT<\/h5><div class=\"grid-desc\" ><p><strong>L\u2019engagement<\/strong>\u00a0se traduit par des actions conformes \u00e0 ses convictions profondes comme par la fid\u00e9lit\u00e9 \u00e0 ses promesses et \u00e0 ses responsabilit\u00e9s.<\/p>\n<\/div><\/div><\/div><\/div>[\/vc_column][vc_column width=\u00a0\u00bb1\/2&Prime;]<div class=\"zozo-feature-box feature-box-style style-default-box style-sep-yes \" id=\"feature-box-5\"><div class=\"grid-item\"><div class=\"grid-box-inner grid-text-center grid-box-large grid-box-icon-none grid-shape-none\"><div class=\"grid-icon-wrapper icon-hv-color shape-icon-none\"><i class=\"fas fa-check-circle grid-icon zozo-icon icon-none icon-skin-default icon-bg pattern-1 icon-large\"><\/i><\/div><h5 class=\"grid-title-below grid-title \" >LA CONFIANCE<\/h5><div class=\"grid-desc\" ><p><strong>La confiance<\/strong>\u00a0est la base de toutes relations. Cette valeur refl\u00e8te la confiance en soi comme la confiance aux autres. Elle permet \u00e0 chacun de compter sur l\u2019autre.<\/p>\n<\/div><\/div><\/div><\/div>[\/vc_column][\/vc_row][vc_row bg_style=\u00a0\u00bbbg-normal\u00a0\u00bb center_row=\u00a0\u00bbyes\u00a0\u00bb css=\u00a0\u00bb.vc_custom_1637685640411{padding-top: 45px !important;padding-bottom: 45px !important;}\u00a0\u00bb][vc_column css=\u00a0\u00bb.vc_custom_1440852446149{margin-top: -15px !important;}\u00a0\u00bb offset=\u00a0\u00bbvc_col-lg-3 vc_col-md-3&Prime;][vc_column_text css_animation=\u00a0\u00bbappear\u00a0\u00bb]<\/p>\n<h2><span style=\"color: #595a5a;\">COMMENT PEUX TU AIDER ?<\/span><\/h2>\n<p>[\/vc_column_text][\/vc_column][vc_column offset=\u00a0\u00bbvc_col-lg-9 vc_col-md-9&Prime;][vc_row_inner][vc_column_inner width=\u00a0\u00bb1\/3&Prime; offset=\u00a0\u00bbvc_col-lg-4 vc_col-md-4&Prime;]<div class=\"zozo-feature-box feature-box-style style-default-box style-sep-yes  wpb_animate_when_almost_visible wpb_left-to-right\" id=\"feature-box-6\"><div class=\"grid-item\"><div class=\"grid-box-inner grid-text-left grid-box-exlarge grid-box-icon-none grid-shape-none\"><div class=\"grid-icon-wrapper icon-hv-color shape-icon-none\"><i class=\"icomoon2 icomoon2-number11 grid-icon zozo-icon icon-none icon-skin-light icon-bg pattern-1 icon-exlarge\"><\/i><\/div><div class=\"grid-content-wrapper\"><h4 class=\"grid-title \" style=\"color:#595a5a;\">DEVENEZ B\u00c9N\u00c9VOLE<\/h4><\/div><\/div><\/div><\/div>[\/vc_column_inner][vc_column_inner width=\u00a0\u00bb1\/3&Prime;]<div class=\"zozo-feature-box feature-box-style style-default-box style-sep-yes  wpb_animate_when_almost_visible wpb_appear\" id=\"feature-box-7\"><div class=\"grid-item\"><div class=\"grid-box-inner grid-text-left grid-box-exlarge grid-box-icon-none grid-shape-none\"><div class=\"grid-icon-wrapper icon-hv-color shape-icon-none\"><i class=\"icomoon2 icomoon2-number12 grid-icon zozo-icon icon-none icon-skin-light icon-bg pattern-1 icon-exlarge\"><\/i><\/div><div class=\"grid-content-wrapper\"><h4 class=\"grid-title \" style=\"color:#595a5a;\">FAIRE UN DON<\/h4><\/div><\/div><\/div><\/div>[\/vc_column_inner][vc_column_inner width=\u00a0\u00bb1\/3&Prime;]<div class=\"zozo-feature-box feature-box-style style-default-box style-sep-yes  wpb_animate_when_almost_visible wpb_right-to-left\" id=\"feature-box-8\"><div class=\"grid-item\"><div class=\"grid-box-inner grid-text-left grid-box-exlarge grid-box-icon-none grid-shape-none\"><div class=\"grid-icon-wrapper icon-hv-color shape-icon-none\"><i class=\"icomoon2 icomoon2-number13 grid-icon zozo-icon icon-none icon-skin-light icon-bg pattern-1 icon-exlarge\"><\/i><\/div><div class=\"grid-content-wrapper\"><h4 class=\"grid-title \" style=\"color:#595a5a;\">DEVENEZ STAGIAIRE<\/h4><\/div><\/div><\/div><\/div>[\/vc_column_inner][\/vc_row_inner][\/vc_column][\/vc_row][vc_row bg_style=\u00a0\u00bbdark-wrapper\u00a0\u00bb center_row=\u00a0\u00bbyes\u00a0\u00bb typo_style=\u00a0\u00bblight\u00a0\u00bb css=\u00a0\u00bb.vc_custom_1637781280860{border-bottom-width: 0px !important;padding-bottom: 32px !important;}\u00a0\u00bb][vc_column width=\u00a0\u00bb1\/2&Prime; typo_style=\u00a0\u00bbdark\u00a0\u00bb][vc_single_image image=\u00a0\u00bb532&Prime; img_size=\u00a0\u00bbfull\u00a0\u00bb][\/vc_column][vc_column width=\u00a0\u00bb1\/2&Prime;]<div class=\"zozo-parallax-header wpb_animate_when_almost_visible wpb_bottom-to-top\"><div class=\"parallax-header\"><h4 class=\"parallax-title text-left\">NOS R\u00c9SIDENCES<\/h4><div class=\"parallax-desc default-style text-left\"><p><strong>CHAQUE PERSONNE<\/strong> qui d\u00e9sire nos services de soutien au logement doit s\u2019impliquer car :<\/p>\n<ul>\n<li>Nous travaillons en concertation avec la personne et son \u00e9quipe de suivi<\/li>\n<li>Nous suivons un plan d\u2019intervention individualis\u00e9 fait sp\u00e9cifiquement pour et avec la personne et son \u00e9quipe de suivi<\/li>\n<li>Nous \u00e9tablissons des d\u00e9marches \u00e0 suivre personnalis\u00e9es, \u00e9tablies \u00e0 partir des besoins de chaque personne.<\/li>\n<\/ul>\n<\/div><\/div><\/div>[vc_btn title=\u00a0\u00bbEN SAVOIR PLUS\u00a0\u00bb align=\u00a0\u00bbleft\u00a0\u00bb css_animation=\u00a0\u00bbappear\u00a0\u00bb link=\u00a0\u00bburl:%2Fnous-joindre%2F\u00a0\u00bb][\/vc_column][\/vc_row]<\/p>\n<\/div>","protected":false},"excerpt":{"rendered":"<p>[vc_row center_row=\u00a0\u00bbyes\u00a0\u00bb typo_style=\u00a0\u00bblight\u00a0\u00bb bg_type=\u00a0\u00bbbg_color\u00a0\u00bb bg_override=\u00a0\u00bbfull\u00a0\u00bb bg_color_value=\u00a0\u00bb#dda83c\u00a0\u00bb][vc_column][\/vc_column][\/vc_row][vc_row center_row=\u00a0\u00bbyes\u00a0\u00bb css=\u00a0\u00bb.vc_custom_1637781353026{margin-bottom: 0px !important;padding-bottom: 0px !important;}\u00a0\u00bb][vc_column][vc_empty_space height=\u00a0\u00bb12px\u00a0\u00bb][\/vc_column][\/vc_row][vc_row center_row=\u00a0\u00bbyes\u00a0\u00bb css=\u00a0\u00bb.vc_custom_1637781368877{margin-top: 0px !important;padding-top: 0px !important;padding-bottom: 20px !important;}\u00a0\u00bb][vc_column width=\u00a0\u00bb1\/3&Prime;][\/vc_column][vc_column width=\u00a0\u00bb1\/3&Prime;][\/vc_column][vc_column width=\u00a0\u00bb1\/3&Prime;][\/vc_column][\/vc_row][vc_row center_row=\u00a0\u00bbyes\u00a0\u00bb css=\u00a0\u00bb.vc_custom_1637683627232{padding-top: 20px !important;}\u00a0\u00bb][vc_column width=\u00a0\u00bb1\/2&Prime;][\/vc_column][vc_column width=\u00a0\u00bb1\/2&Prime;][\/vc_column][\/vc_row][vc_row&#8230;<\/p>\n","protected":false},"author":1,"featured_media":0,"parent":0,"menu_order":0,"comment_status":"closed","ping_status":"closed","template":"template-fullwidth.php","meta":{"footnotes":""},"class_list":["post-18","page","type-page","status-publish","hentry"],"_links":{"self":[{"href":"https:\/\/hndgatineau.org\/fr\/wp-json\/wp\/v2\/pages\/18","targetHints":{"allow":["GET"]}}],"collection":[{"href":"https:\/\/hndgatineau.org\/fr\/wp-json\/wp\/v2\/pages"}],"about":[{"href":"https:\/\/hndgatineau.org\/fr\/wp-json\/wp\/v2\/types\/page"}],"author":[{"embeddable":true,"href":"https:\/\/hndgatineau.org\/fr\/wp-json\/wp\/v2\/users\/1"}],"replies":[{"embeddable":true,"href":"https:\/\/hndgatineau.org\/fr\/wp-json\/wp\/v2\/comments?post=18"}],"version-history":[{"count":29,"href":"https:\/\/hndgatineau.org\/fr\/wp-json\/wp\/v2\/pages\/18\/revisions"}],"predecessor-version":[{"id":858,"href":"https:\/\/hndgatineau.org\/fr\/wp-json\/wp\/v2\/pages\/18\/revisions\/858"}],"wp:attachment":[{"href":"https:\/\/hndgatineau.org\/fr\/wp-json\/wp\/v2\/media?parent=18"}],"curies":[{"name":"wp","href":"https:\/\/api.w.org\/{rel}","templated":true}]}}