{"id":147,"date":"2015-08-28T12:24:54","date_gmt":"2015-08-28T12:24:54","guid":{"rendered":"http:\/\/zozothemes.com\/wp\/mist\/xml\/?page_id=31"},"modified":"2022-02-21T11:44:45","modified_gmt":"2022-02-21T16:44:45","slug":"nous-joindre","status":"publish","type":"page","link":"https:\/\/hndgatineau.org\/fr\/nous-joindre\/","title":{"rendered":"Nous joindre"},"content":{"rendered":"<div class=\"wpb-content-wrapper\"><p>[vc_row center_row=\u00a0\u00bbyes\u00a0\u00bb][vc_column][vc_row_inner][vc_column_inner width=\u00a0\u00bb1\/3&Prime; css_animation=\u00a0\u00bbbottom-to-top\u00a0\u00bb]<div class=\"zozo-feature-box feature-box-style style-default-box style-sep-yes \" id=\"feature-box-1\"><div class=\"grid-item\"><div class=\"grid-box-inner grid-text-center grid-box-medium grid-box-icon-circle grid-icon-shape grid-shape-none\"><div class=\"grid-icon-wrapper no-hover shape-icon-circle\"><i class=\"icomoon1 icomoon-location2 grid-icon zozo-icon icon-shape icon-circle icon-skin-default icon-light pattern-1 icon-medium\"><\/i><\/div><h6 class=\"grid-title-below grid-title \" >ADRESSE<\/h6><div class=\"grid-desc\" ><p>165 boulevard Maloney Ouest, Gatineau, Qu\u00e9bec\u00a0 J8P 3V6<\/p>\n<\/div><\/div><\/div><\/div>[\/vc_column_inner][vc_column_inner width=\u00a0\u00bb1\/3&Prime; css_animation=\u00a0\u00bbappear\u00a0\u00bb]<div class=\"zozo-feature-box feature-box-style style-default-box style-sep-yes \" id=\"feature-box-2\"><div class=\"grid-item\"><div class=\"grid-box-inner grid-text-center grid-box-medium grid-box-icon-circle grid-icon-shape grid-shape-none\"><div class=\"grid-icon-wrapper no-hover shape-icon-circle\"><i class=\"icomoon1 icomoon-mic grid-icon zozo-icon icon-shape icon-circle icon-skin-default icon-light pattern-1 icon-medium\"><\/i><\/div><h6 class=\"grid-title-below grid-title \" >T\u00c9L\u00c9PHONE<\/h6><div class=\"grid-desc\" ><p>819-893-1223<\/p>\n<\/div><\/div><\/div><\/div>[\/vc_column_inner][vc_column_inner width=\u00a0\u00bb1\/3&Prime; css_animation=\u00a0\u00bbbottom-to-top\u00a0\u00bb]<div class=\"zozo-feature-box feature-box-style style-default-box style-sep-yes \" id=\"feature-box-3\"><div class=\"grid-item\"><div class=\"grid-box-inner grid-text-center grid-box-medium grid-box-icon-circle grid-icon-shape grid-shape-none\"><div class=\"grid-icon-wrapper no-hover shape-icon-circle\"><i class=\"icomoon1 icomoon-mail5 grid-icon zozo-icon icon-shape icon-circle icon-skin-default icon-light pattern-1 icon-medium\"><\/i><\/div><h6 class=\"grid-title-below grid-title \" >COURRIEL<\/h6><div class=\"grid-desc\" ><p>info@hndgatineau.org<\/p>\n<\/div><\/div><\/div><\/div>[\/vc_column_inner][\/vc_row_inner][vc_row_inner css=\u00a0\u00bb.vc_custom_1440398176206{margin-bottom: 28px !important;}\u00a0\u00bb][vc_column_inner][vc_separator][\/vc_column_inner][\/vc_row_inner][zozo_vc_contact_form css_animation=\"appear\" form_layout=\"two-column\" name_label=\"Nom et pr\u00e9nom\" email_label=\"Adresse courriel\" phone_label=\"T\u00e9l\u00e9phone\" button_text=\"Envoyer\" button_block=\"yes\" add_icon=\"yes\" icon_align=\"right\" icon_fontawesome=\"\" name_not_empty_msg=\"Le nom est obligatoire et ne peut pas \u00eatre vide\" email_not_empty_msg=\"L'adresse e-mail est obligatoire\" email_valid_msg=\"L'entr\u00e9e n'est pas une adresse e-mail valide\" phone_valid_msg=\"La valeur ne peut contenir que des chiffres\" message_not_empty_msg=\"Un message est requis\"][\/vc_column][\/vc_row][vc_row bg_style=\u00a0\u00bbbg-normal\u00a0\u00bb center_row=\u00a0\u00bbyes\u00a0\u00bb css=\u00a0\u00bb.vc_custom_1637685640411{padding-top: 45px !important;padding-bottom: 45px !important;}\u00a0\u00bb][vc_column css=\u00a0\u00bb.vc_custom_1440852446149{margin-top: -15px !important;}\u00a0\u00bb offset=\u00a0\u00bbvc_col-lg-3 vc_col-md-3&Prime;][vc_column_text css_animation=\u00a0\u00bbappear\u00a0\u00bb]<\/p>\n<h2><span style=\"color: #595a5a;\">COMMENT PEUX TU AIDER ?<\/span><\/h2>\n<p>[\/vc_column_text][\/vc_column][vc_column offset=\u00a0\u00bbvc_col-lg-9 vc_col-md-9&Prime;][vc_row_inner][vc_column_inner width=\u00a0\u00bb1\/3&Prime; offset=\u00a0\u00bbvc_col-lg-4 vc_col-md-4&Prime;]<div class=\"zozo-feature-box feature-box-style style-default-box style-sep-yes  wpb_animate_when_almost_visible wpb_left-to-right\" id=\"feature-box-4\"><div class=\"grid-item\"><div class=\"grid-box-inner grid-text-left grid-box-exlarge grid-box-icon-none grid-shape-none\"><div class=\"grid-icon-wrapper icon-hv-color shape-icon-none\"><i class=\"icomoon2 icomoon2-number11 grid-icon zozo-icon icon-none icon-skin-light icon-bg pattern-1 icon-exlarge\"><\/i><\/div><div class=\"grid-content-wrapper\"><h4 class=\"grid-title \" style=\"color:#595a5a;\">DEVENEZ B\u00c9N\u00c9VOLE<\/h4><\/div><\/div><\/div><\/div>[\/vc_column_inner][vc_column_inner width=\u00a0\u00bb1\/3&Prime;]<div class=\"zozo-feature-box feature-box-style style-default-box style-sep-yes  wpb_animate_when_almost_visible wpb_appear\" id=\"feature-box-5\"><div class=\"grid-item\"><div class=\"grid-box-inner grid-text-left grid-box-exlarge grid-box-icon-none grid-shape-none\"><div class=\"grid-icon-wrapper icon-hv-color shape-icon-none\"><i class=\"icomoon2 icomoon2-number12 grid-icon zozo-icon icon-none icon-skin-light icon-bg pattern-1 icon-exlarge\"><\/i><\/div><div class=\"grid-content-wrapper\"><h4 class=\"grid-title \" style=\"color:#595a5a;\">FAIRE UN DON<\/h4><\/div><\/div><\/div><\/div>[\/vc_column_inner][vc_column_inner width=\u00a0\u00bb1\/3&Prime;]<div class=\"zozo-feature-box feature-box-style style-default-box style-sep-yes  wpb_animate_when_almost_visible wpb_right-to-left\" id=\"feature-box-6\"><div class=\"grid-item\"><div class=\"grid-box-inner grid-text-left grid-box-exlarge grid-box-icon-none grid-shape-none\"><div class=\"grid-icon-wrapper icon-hv-color shape-icon-none\"><i class=\"icomoon2 icomoon2-number13 grid-icon zozo-icon icon-none icon-skin-light icon-bg pattern-1 icon-exlarge\"><\/i><\/div><div class=\"grid-content-wrapper\"><h4 class=\"grid-title \" style=\"color:#595a5a;\">DEVENEZ STAGIAIRE<\/h4><\/div><\/div><\/div><\/div>[\/vc_column_inner][\/vc_row_inner][\/vc_column][\/vc_row][vc_row bg_style=\u00a0\u00bbdark-wrapper\u00a0\u00bb center_row=\u00a0\u00bbyes\u00a0\u00bb typo_style=\u00a0\u00bblight\u00a0\u00bb][vc_column width=\u00a0\u00bb1\/2&Prime; typo_style=\u00a0\u00bbdark\u00a0\u00bb][vc_single_image image=\u00a0\u00bb532&Prime; img_size=\u00a0\u00bbfull\u00a0\u00bb][\/vc_column][vc_column width=\u00a0\u00bb1\/2&Prime;]<div class=\"zozo-parallax-header wpb_animate_when_almost_visible wpb_bottom-to-top\"><div class=\"parallax-header\"><h4 class=\"parallax-title text-left\">NOS R\u00c9SIDENCES<\/h4><div class=\"parallax-desc default-style text-left\"><p><strong>CHAQUE PERSONNE<\/strong> qui d\u00e9sire nos services de soutien au logement doit s\u2019impliquer car :<\/p>\n<ul>\n<li>Nous travaillons en concertation avec la personne et son \u00e9quipe de suivi<\/li>\n<li>Nous suivons un plan d\u2019intervention individualis\u00e9 fait sp\u00e9cifiquement pour et avec la personne et son \u00e9quipe de suivi<\/li>\n<li>Nous \u00e9tablissons des d\u00e9marches \u00e0 suivre personnalis\u00e9es, \u00e9tablies \u00e0 partir des besoins de chaque personne.<\/li>\n<\/ul>\n<\/div><\/div><\/div>[vc_btn title=\u00a0\u00bbEN SAVOIR PLUS\u00a0\u00bb align=\u00a0\u00bbleft\u00a0\u00bb css_animation=\u00a0\u00bbappear\u00a0\u00bb link=\u00a0\u00bburl:%23||\u00a0\u00bb][\/vc_column][\/vc_row]<\/p>\n<\/div>","protected":false},"excerpt":{"rendered":"<p>[vc_row center_row=\u00a0\u00bbyes\u00a0\u00bb][vc_column][vc_row_inner][vc_column_inner width=\u00a0\u00bb1\/3&Prime; css_animation=\u00a0\u00bbbottom-to-top\u00a0\u00bb][\/vc_column_inner][vc_column_inner width=\u00a0\u00bb1\/3&Prime; css_animation=\u00a0\u00bbappear\u00a0\u00bb][\/vc_column_inner][vc_column_inner width=\u00a0\u00bb1\/3&Prime; css_animation=\u00a0\u00bbbottom-to-top\u00a0\u00bb][\/vc_column_inner][\/vc_row_inner][vc_row_inner css=\u00a0\u00bb.vc_custom_1440398176206{margin-bottom: 28px !important;}\u00a0\u00bb][vc_column_inner][vc_separator][\/vc_column_inner][\/vc_row_inner][\/vc_column][\/vc_row][vc_row bg_style=\u00a0\u00bbbg-normal\u00a0\u00bb center_row=\u00a0\u00bbyes\u00a0\u00bb css=\u00a0\u00bb.vc_custom_1637685640411{padding-top: 45px !important;padding-bottom: 45px !important;}\u00a0\u00bb][vc_column css=\u00a0\u00bb.vc_custom_1440852446149{margin-top: -15px !important;}\u00a0\u00bb offset=\u00a0\u00bbvc_col-lg-3 vc_col-md-3&Prime;][vc_column_text css_animation=\u00a0\u00bbappear\u00a0\u00bb] COMMENT PEUX TU AIDER ? [\/vc_column_text][\/vc_column][vc_column&#8230;<\/p>\n","protected":false},"author":1,"featured_media":0,"parent":0,"menu_order":0,"comment_status":"closed","ping_status":"closed","template":"template-fullwidth.php","meta":{"footnotes":""},"class_list":["post-147","page","type-page","status-publish","hentry"],"_links":{"self":[{"href":"https:\/\/hndgatineau.org\/fr\/wp-json\/wp\/v2\/pages\/147","targetHints":{"allow":["GET"]}}],"collection":[{"href":"https:\/\/hndgatineau.org\/fr\/wp-json\/wp\/v2\/pages"}],"about":[{"href":"https:\/\/hndgatineau.org\/fr\/wp-json\/wp\/v2\/types\/page"}],"author":[{"embeddable":true,"href":"https:\/\/hndgatineau.org\/fr\/wp-json\/wp\/v2\/users\/1"}],"replies":[{"embeddable":true,"href":"https:\/\/hndgatineau.org\/fr\/wp-json\/wp\/v2\/comments?post=147"}],"version-history":[{"count":7,"href":"https:\/\/hndgatineau.org\/fr\/wp-json\/wp\/v2\/pages\/147\/revisions"}],"predecessor-version":[{"id":603,"href":"https:\/\/hndgatineau.org\/fr\/wp-json\/wp\/v2\/pages\/147\/revisions\/603"}],"wp:attachment":[{"href":"https:\/\/hndgatineau.org\/fr\/wp-json\/wp\/v2\/media?parent=147"}],"curies":[{"name":"wp","href":"https:\/\/api.w.org\/{rel}","templated":true}]}}