{"id":146,"date":"2015-08-28T11:19:29","date_gmt":"2015-08-28T11:19:29","guid":{"rendered":"http:\/\/zozothemes.com\/wp\/mist\/xml\/?page_id=10"},"modified":"2025-06-26T13:25:00","modified_gmt":"2025-06-26T17:25:00","slug":"millieux-de-vie","status":"publish","type":"page","link":"https:\/\/hndgatineau.org\/fr\/millieux-de-vie\/","title":{"rendered":"Millieux de vie"},"content":{"rendered":"<div class=\"wpb-content-wrapper\"><p>[vc_row center_row=\u00a0\u00bbyes\u00a0\u00bb typo_style=\u00a0\u00bblight\u00a0\u00bb bg_type=\u00a0\u00bbbg_color\u00a0\u00bb bg_override=\u00a0\u00bbfull\u00a0\u00bb css=\u00a0\u00bb.vc_custom_1637781936916{background-image: url(https:\/\/www.hndgatineau.org\/fr\/wp-content\/uploads\/2021\/11\/slider-3.png?id=284) !important;background-position: center !important;background-repeat: no-repeat !important;background-size: cover !important;}\u00a0\u00bb bg_color_value=\u00a0\u00bb#dda83c\u00a0\u00bb][vc_column]<div class=\"zozo-parallax-header wpb_animate_when_almost_visible wpb_appear\"><div class=\"parallax-header\"><h3 class=\"parallax-title text-center\">MILLIEUX DE VIE<\/h3><div class=\"parallax-desc default-style text-center\" style=\"font-size:15px;\"><p><strong>CHAQUE MILIEU DE VIE<\/strong> poss\u00e8de son propre code de vie : r\u00e8glements, fonctionnement \u00e0 suivre tout au long du s\u00e9jour.<\/p>\n<p><strong>CHAQUE PERSONNE<\/strong> qui d\u00e9sire nos services de soutien au logement doit s\u2019impliquer car nous travaillons en concertation avec la personne et son \u00e9quipe de suivi. Nous suivons un plan d\u2019intervention individualis\u00e9 fait sp\u00e9cifiquement pour et avec la personne et son \u00e9quipe de suivi. Nous \u00e9tablissons des d\u00e9marches \u00e0 suivre personnalis\u00e9es, \u00e9tablies \u00e0 partir des besoins de chaque personne.<\/p>\n<\/div><\/div><\/div>[\/vc_column][\/vc_row][vc_row center_row=\u00a0\u00bbyes\u00a0\u00bb bg_type=\u00a0\u00bbimage\u00a0\u00bb parallax_style=\u00a0\u00bbvcpb-vz-jquery\u00a0\u00bb enable_overlay=\u00a0\u00bbenable_overlay_value\u00a0\u00bb overlay_color=\u00a0\u00bbrgba(0,0,0,0.5)\u00a0\u00bb overlay_pattern=\u00a0\u00bbtransperant\u00a0\u00bb][vc_column]<div class=\"zozo-parallax-header\"><div class=\"parallax-header\"><h3 class=\"parallax-title text-center\" style=\"color:#0a0a0a;\">R\u00e9sidences de groupe, appartements supervis\u00e9s, etc.<\/h3><\/div><\/div>[vc_row_inner][vc_column_inner width=\u00a0\u00bb1\/3&Prime; typo_style=\u00a0\u00bbdark\u00a0\u00bb]<div id=\"zozo-pricing-table-1\" class=\"zozo-pricing-table-wrapper vc-pricing-table wpb_animate_when_almost_visible wpb_left-to-right\"><div class=\"zozo-pricing-item\"><div class=\"pricing-plan-list pricing-box\"><div class=\"pricing-head\"><h4 class=\"pricing-title text-color\">R\u00c9SIDENCE CHARLES-DESNOYERS<\/h4><div class=\"pricing-cost-wrapper\"><\/div><\/div><div class=\"pricing-image-wrapper\"><img loading=\"lazy\" decoding=\"async\" width=\"500\" height=\"320\" src=\"https:\/\/hndgatineau.org\/wp-content\/uploads\/2021\/11\/RESIDENCE-CHARLES-DESNOYERS-500x320.jpg\" class=\"attachment-theme-mid\" alt=\"\" title=\"RESIDENCE-CHARLES-DESNOYERS\" \/><\/div><div class=\"pricing-features\"><ul>\n<li>R\u00c9SIDENCES DE GROUPE ACCUEILLANT 5 PERSONNES<\/li>\n<li>CHAMBRES PRIV\u00c9ES<\/li>\n<li>PR\u00c9SENCE D\u2019UN INTERVENANT DE JOUR DUR\u00c9E D\u2019H\u00c9BERGEMENT<\/li>\n<li>VARIANT SELON LES BESOINS<\/li>\n<\/ul>\n<\/div><\/div><\/div><\/div>[\/vc_column_inner][vc_column_inner width=\u00a0\u00bb1\/3&Prime; typo_style=\u00a0\u00bbdark\u00a0\u00bb]<div id=\"zozo-pricing-table-2\" class=\"zozo-pricing-table-wrapper vc-pricing-table wpb_animate_when_almost_visible wpb_left-to-right\"><div class=\"zozo-pricing-item\"><div class=\"pricing-plan-list pricing-box\"><div class=\"pricing-head\"><h4 class=\"pricing-title text-color\">R\u00c9SIDENCE d'\u00c9vry<\/h4><div class=\"pricing-cost-wrapper\"><\/div><\/div><div class=\"pricing-image-wrapper\"><img loading=\"lazy\" decoding=\"async\" width=\"500\" height=\"320\" src=\"https:\/\/hndgatineau.org\/wp-content\/uploads\/2021\/11\/RESIDENCE-BERTHE-500x320.jpg\" class=\"attachment-theme-mid\" alt=\"\" title=\"RESIDENCE-BERTHE\" \/><\/div><div class=\"pricing-features\"><ul>\n<li>R\u00c9SIDENCES DE GROUPE ACCUEILLANT 5 PERSONNES<\/li>\n<li>CHAMBRES PRIV\u00c9ES<\/li>\n<li>PR\u00c9SENCE D\u2019UN INTERVENANT DE JOUR<\/li>\n<li>DUR\u00c9E D\u2019H\u00c9BERGEMENT DE 2 ANS<\/li>\n<\/ul>\n<\/div><\/div><\/div><\/div>[\/vc_column_inner][vc_column_inner width=\u00a0\u00bb1\/3&Prime; typo_style=\u00a0\u00bbdark\u00a0\u00bb]<div id=\"zozo-pricing-table-3\" class=\"zozo-pricing-table-wrapper vc-pricing-table wpb_animate_when_almost_visible wpb_left-to-right\"><div class=\"zozo-pricing-item\"><div class=\"pricing-plan-list pricing-box\"><div class=\"pricing-head\"><h4 class=\"pricing-title text-color\">R\u00c9SIDENCE ST-CYR<\/h4><div class=\"pricing-cost-wrapper\"><\/div><\/div><div class=\"pricing-image-wrapper\"><img loading=\"lazy\" decoding=\"async\" width=\"500\" height=\"320\" src=\"https:\/\/hndgatineau.org\/wp-content\/uploads\/2021\/11\/Residence-St-Cyr-500x320.jpg\" class=\"attachment-theme-mid\" alt=\"\" title=\"Residence-St-Cyr\" \/><\/div><div class=\"pricing-features\"><ul>\n<li>R\u00c9SIDENCES DE GROUPE POUR DES PERSONNES AYANT UNE D\u00c9FICIENCE INTELLECTUELLE L\u00c9G\u00c8RE ET\/OU UN TROUBLE DU SPECTRE DE L&rsquo;AUTISME, ACCUEILLANT 6 PERSONNES<\/li>\n<li>CHAMBRES PRIV\u00c9ES<\/li>\n<li>PR\u00c9SENCE D\u2019UN INTERVENANT DE JOUR<\/li>\n<li>DUR\u00c9E D\u2019H\u00c9BERGEMENT VARIANT SELON LES BESOINS<\/li>\n<\/ul>\n<\/div><\/div><\/div><\/div>[\/vc_column_inner][\/vc_row_inner][vc_empty_space][vc_row_inner][vc_column_inner width=\u00a0\u00bb1\/3&Prime; typo_style=\u00a0\u00bbdark\u00a0\u00bb]<div id=\"zozo-pricing-table-4\" class=\"zozo-pricing-table-wrapper vc-pricing-table wpb_animate_when_almost_visible wpb_left-to-right\"><div class=\"zozo-pricing-item\"><div class=\"pricing-plan-list pricing-box\"><div class=\"pricing-head\"><h4 class=\"pricing-title text-color\">R\u00c9SIDENCE 137<\/h4><div class=\"pricing-cost-wrapper\"><\/div><\/div><div class=\"pricing-image-wrapper\"><img loading=\"lazy\" decoding=\"async\" width=\"500\" height=\"320\" src=\"https:\/\/hndgatineau.org\/wp-content\/uploads\/2021\/11\/Residence-137-500x320.jpg\" class=\"attachment-theme-mid\" alt=\"\" title=\"Residence-137\" \/><\/div><div class=\"pricing-features\"><ul>\n<li>\u00c9DIFICE \u00c0 LOGEMENTS COMPRENANT 2 STUDIOS, 6 APPARTEMENTS DE 1 CHAMBRE \u00c0 COUCHER ET 2 MILIEUX DE VIE DE GROUPE<\/li>\n<li>RENCONTRE INDIVIDUELLE AVEC UN INTERVENANT SELON LES BESOINS<\/li>\n<li>DUR\u00c9E D\u2019H\u00c9BERGEMENT VARIANT SELON LES BESOINS<\/li>\n<\/ul>\n<\/div><\/div><\/div><\/div>[\/vc_column_inner][vc_column_inner width=\u00a0\u00bb1\/3&Prime; typo_style=\u00a0\u00bbdark\u00a0\u00bb]<div id=\"zozo-pricing-table-5\" class=\"zozo-pricing-table-wrapper vc-pricing-table wpb_animate_when_almost_visible wpb_left-to-right\"><div class=\"zozo-pricing-item\"><div class=\"pricing-plan-list pricing-box\"><div class=\"pricing-head\"><h4 class=\"pricing-title text-color\">R\u00c9SIDENCE MALONEY<\/h4><div class=\"pricing-cost-wrapper\"><\/div><\/div><div class=\"pricing-image-wrapper\"><img loading=\"lazy\" decoding=\"async\" width=\"500\" height=\"320\" src=\"https:\/\/hndgatineau.org\/wp-content\/uploads\/2021\/11\/residence-mloney-500x320.jpg\" class=\"attachment-theme-mid\" alt=\"\" title=\"residence-mloney\" \/><\/div><div class=\"pricing-features\"><ul>\n<li>\u00c9DIFICE COMPRENANT UN MILIEU DE VIE DE GROUPE AU 2E \u00c9TAGE ACCUEILLANT 3 PERSONNES, AINSI QUE LES BUREAUX ADMINISTRATIFS AU REZ-DE-CHAUSS\u00c9<\/li>\n<li>PR\u00c9SENCE D\u2019UN INTERVENANT DE JOUR<\/li>\n<li>CHAMBRES PRIV\u00c9ES<\/li>\n<li>DUR\u00c9E D\u2019H\u00c9BERGEMENT VARIANT SELON LES BESOINS<\/li>\n<\/ul>\n<\/div><\/div><\/div><\/div>[\/vc_column_inner][vc_column_inner width=\u00a0\u00bb1\/3&Prime; typo_style=\u00a0\u00bbdark\u00a0\u00bb]<div id=\"zozo-pricing-table-6\" class=\"zozo-pricing-table-wrapper vc-pricing-table wpb_animate_when_almost_visible wpb_left-to-right\"><div class=\"zozo-pricing-item\"><div class=\"pricing-plan-list pricing-box\"><div class=\"pricing-head\"><h4 class=\"pricing-title text-color\">R\u00c9SIDENCE OAK<\/h4><div class=\"pricing-cost-wrapper\"><\/div><\/div><div class=\"pricing-image-wrapper\"><img loading=\"lazy\" decoding=\"async\" width=\"500\" height=\"320\" src=\"https:\/\/hndgatineau.org\/wp-content\/uploads\/2021\/11\/residence-oak-500x320.jpg\" class=\"attachment-theme-mid\" alt=\"\" title=\"residence-oak\" \/><\/div><div class=\"pricing-features\"><ul>\n<li>\u00c9DIFICE \u00c0 LOGEMENTS COMPRENANT 7 STUDIOS ET UNE SALLE COMMUNAUTAIRE<\/li>\n<li>RENCONTRE INDIVIDUELLE AVEC UN INTERVENANT SELON LES BESOINS<\/li>\n<li>DUR\u00c9E D\u2019H\u00c9BERGEMENT VARIANT SELON LES BESOINS<\/li>\n<\/ul>\n<\/div><\/div><\/div><\/div>[\/vc_column_inner][\/vc_row_inner][\/vc_column][\/vc_row][vc_row full_width=\u00a0\u00bbstretch_row\u00a0\u00bb bg_style=\u00a0\u00bbbg-normal\u00a0\u00bb center_row=\u00a0\u00bbyes\u00a0\u00bb css=\u00a0\u00bb.vc_custom_1637776721879{padding-top: 45px !important;padding-bottom: 45px !important;}\u00a0\u00bb][vc_column css=\u00a0\u00bb.vc_custom_1440852446149{margin-top: -15px !important;}\u00a0\u00bb offset=\u00a0\u00bbvc_col-lg-3 vc_col-md-3&Prime;][vc_column_text css_animation=\u00a0\u00bbappear\u00a0\u00bb]<\/p>\n<h2><span style=\"color: #595a5a;\">COMMENT PEUX TU AIDER ?<\/span><\/h2>\n<p>[\/vc_column_text][\/vc_column][vc_column offset=\u00a0\u00bbvc_col-lg-9 vc_col-md-9&Prime;][vc_row_inner][vc_column_inner width=\u00a0\u00bb1\/3&Prime; offset=\u00a0\u00bbvc_col-lg-4 vc_col-md-4&Prime;]<div class=\"zozo-feature-box feature-box-style style-default-box style-sep-yes  wpb_animate_when_almost_visible wpb_left-to-right\" id=\"feature-box-1\"><div class=\"grid-item\"><div class=\"grid-box-inner grid-text-left grid-box-exlarge grid-box-icon-none grid-shape-none\"><div class=\"grid-icon-wrapper icon-hv-color shape-icon-none\"><i class=\"icomoon2 icomoon2-number11 grid-icon zozo-icon icon-none icon-skin-light icon-bg pattern-1 icon-exlarge\"><\/i><\/div><div class=\"grid-content-wrapper\"><h4 class=\"grid-title \" style=\"color:#595a5a;\">DEVENEZ B\u00c9N\u00c9VOLE<\/h4><\/div><\/div><\/div><\/div>[\/vc_column_inner][vc_column_inner width=\u00a0\u00bb1\/3&Prime;]<div class=\"zozo-feature-box feature-box-style style-default-box style-sep-yes  wpb_animate_when_almost_visible wpb_appear\" id=\"feature-box-2\"><div class=\"grid-item\"><div class=\"grid-box-inner grid-text-left grid-box-exlarge grid-box-icon-none grid-shape-none\"><div class=\"grid-icon-wrapper icon-hv-color shape-icon-none\"><i class=\"icomoon2 icomoon2-number12 grid-icon zozo-icon icon-none icon-skin-light icon-bg pattern-1 icon-exlarge\"><\/i><\/div><div class=\"grid-content-wrapper\"><h4 class=\"grid-title \" style=\"color:#595a5a;\">FAIRE UN DON<\/h4><\/div><\/div><\/div><\/div>[\/vc_column_inner][vc_column_inner width=\u00a0\u00bb1\/3&Prime;]<div class=\"zozo-feature-box feature-box-style style-default-box style-sep-yes  wpb_animate_when_almost_visible wpb_right-to-left\" id=\"feature-box-3\"><div class=\"grid-item\"><div class=\"grid-box-inner grid-text-left grid-box-exlarge grid-box-icon-none grid-shape-none\"><div class=\"grid-icon-wrapper icon-hv-color shape-icon-none\"><i class=\"icomoon2 icomoon2-number13 grid-icon zozo-icon icon-none icon-skin-light icon-bg pattern-1 icon-exlarge\"><\/i><\/div><div class=\"grid-content-wrapper\"><h4 class=\"grid-title \" style=\"color:#595a5a;\">DEVENEZ STAGIAIRE<\/h4><\/div><\/div><\/div><\/div>[\/vc_column_inner][\/vc_row_inner][\/vc_column][\/vc_row][vc_row center_row=\u00a0\u00bbyes\u00a0\u00bb][vc_column]<div id=\"ultimate-heading-354969f9d64e07253\" class=\"uvc-heading ult-adjust-bottom-margin ultimate-heading-354969f9d64e07253 uvc-5167 \" data-hspacer=\"line_with_icon\" data-hline_width=\"150\" data-hicon_type=\"selector\" data-hborder_style=\"solid\" data-hborder_height=\"1\" data-hborder_color=\"#e1e1e1\" data-icon_width=\"14\" data-hfixer=\"10\"  data-halign=\"left\" style=\"text-align:left\"><div class=\"uvc-main-heading ult-responsive\"  data-ultimate-target='.uvc-heading.ultimate-heading-354969f9d64e07253 h3'  data-responsive-json-new='{\"font-size\":\"\",\"line-height\":\"\"}' ><h3 style=\"font-weight:normal;\">HND est fi\u00e8re d\u2019\u00eatre mandataire au programme Cl\u00e9s en main.<\/h3><\/div><div class=\"uvc-heading-spacer line_with_icon\" style=\"margin-top:15px;margin-bottom:20px;height:14px;\"><div class=\"ult-just-icon-wrapper  \"><div class=\"align-icon\" style=\"text-align:left;\">\n<div class=\"aio-icon none \"  style=\"font-size:14px;\">\n\t<i class=\"icomoonpack1-cloudy2\"><\/i>\n<\/div><\/div><\/div><\/div><div class=\"uvc-sub-heading ult-responsive\"  data-ultimate-target='.uvc-heading.ultimate-heading-354969f9d64e07253 .uvc-sub-heading '  data-responsive-json-new='{\"font-size\":\"desktop:20px;\",\"line-height\":\"\"}'  style=\"font-style:italic;font-weight:normal;margin-bottom:30px;\">\n<p data-start=\"114\" data-end=\"475\">Cl\u00e9s en main est un programme innovant qui offre un logement autonome \u00e0 des personnes vivant avec un trouble de sant\u00e9 mentale. Ce qui distingue ce projet, c\u2019est la possibilit\u00e9 offerte aux participants de choisir eux-m\u00eames leur logement, \u00e0 l\u2019endroit de leur choix sur le territoire de Gatineau, et non uniquement parmi les parcs immobiliers d\u00e9j\u00e0 r\u00e9pertori\u00e9s.<\/p>\n<p data-start=\"477\" data-end=\"746\">Ce programme est le fruit d\u2019une collaboration intersectorielle, r\u00e9unissant des ressources provenant de divers milieux li\u00e9s \u00e0 l\u2019habitation et \u00e0 la sant\u00e9 mentale. Son comit\u00e9 de gestion est compos\u00e9 de repr\u00e9sentants du milieu communautaire, institutionnel et universitaire.<\/p>\n<p data-start=\"748\" data-end=\"1056\">Les partenaires impliqu\u00e9s sont : l\u2019Universit\u00e9 du Qu\u00e9bec en Outaouais, la Maison R\u00e9alit\u00e9, les Habitations Nouveau D\u00e9part, le Centre Inter-Section, l\u2019Office d\u2019habitation de l\u2019Outaouais, l\u2019Agence de la sant\u00e9 et des services sociaux de l\u2019Outaouais ainsi que le Centre de sant\u00e9 et de services sociaux de Gatineau.<\/p>\n<\/div><\/div>[\/vc_column][\/vc_row][vc_row full_width=\u00a0\u00bbstretch_row\u00a0\u00bb match_height=\u00a0\u00bbyes\u00a0\u00bb center_row=\u00a0\u00bbyes\u00a0\u00bb typo_style=\u00a0\u00bblight\u00a0\u00bb css=\u00a0\u00bb.vc_custom_1637776966027{padding-top: 0px !important;padding-bottom: 0px !important;}\u00a0\u00bb][vc_column][vc_row_inner match_height=\u00a0\u00bbyes\u00a0\u00bb css=\u00a0\u00bb.vc_custom_1637776951570{margin-bottom: 0px !important;}\u00a0\u00bb][vc_column_inner width=\u00a0\u00bb1\/2&Prime; bg_style=\u00a0\u00bbbg-normal\u00a0\u00bb css=\u00a0\u00bb.vc_custom_1637688538135{margin-bottom: 0px !important;padding-top: 10% !important;padding-right: 10% !important;padding-bottom: 10% !important;padding-left: 10% !important;}\u00a0\u00bb]<div class=\"zozo-feature-box feature-box-style style-info-box style-box-without-bg style-sep-yes \" id=\"feature-box-4\"><div class=\"grid-item\"><div class=\"grid-box-inner grid-text-left grid-box-image grid-shape-none\"><div class=\"grid-content-wrapper\"><h3 class=\"grid-title \" >Notre Vision<\/h3><div class=\"grid-desc\" ><p>Les personnes vivant avec un trouble de sant\u00e9 mentale sont d\u2019abord et avant tout des citoyennes et citoyens ayant droit \u00e0 la dignit\u00e9, notamment \u00e0 celle de disposer de leur propre logement. Le logement constitue une premi\u00e8re \u00e9tape vers la reprise de pouvoir sur leur vie et leur participation citoyenne.<\/p>\n<\/div><\/div><\/div><\/div><\/div>[\/vc_column_inner][vc_column_inner width=\u00a0\u00bb1\/2&Prime; bg_style=\u00a0\u00bbdark-grey-wrapper\u00a0\u00bb css=\u00a0\u00bb.vc_custom_1637688545278{margin-bottom: 0px !important;padding-top: 10% !important;padding-right: 10% !important;padding-bottom: 10% !important;padding-left: 10% !important;background-position: center !important;background-repeat: no-repeat !important;background-size: cover !important;}\u00a0\u00bb]<div class=\"zozo-feature-box feature-box-style style-info-box style-box-without-bg style-sep-yes \" id=\"feature-box-5\"><div class=\"grid-item\"><div class=\"grid-box-inner grid-text-left grid-box-image grid-shape-none\"><div class=\"grid-content-wrapper\"><h3 class=\"grid-title \" >La mission de Cl\u00e9s en main<\/h3><div class=\"grid-desc\" ><p data-start=\"60\" data-end=\"295\">Favoriser l\u2019int\u00e9gration sociale dans un milieu normalisant permet le maintien \u00e0 long terme, pour les personnes vivant avec un trouble de sant\u00e9 mentale, dans un logement de qualit\u00e9 b\u00e9n\u00e9ficiant d\u2019un soutien financier et psychosocial.<\/p>\n<p data-start=\"297\" data-end=\"533\">L\u2019appartement autonome est per\u00e7u par les usagers des services en sant\u00e9 mentale comme une norme r\u00e9sidentielle, un id\u00e9al \u00e0 atteindre ou \u00e0 pr\u00e9server, particuli\u00e8rement lorsqu\u2019ils peuvent exercer un pouvoir de choix sur leur lieu de vie.<\/p>\n<\/div><\/div><\/div><\/div><\/div>[\/vc_column_inner][\/vc_row_inner][vc_empty_space height=\u00a0\u00bb50px\u00a0\u00bb][\/vc_column][\/vc_row][vc_row center_row=\u00a0\u00bbyes\u00a0\u00bb bg_type=\u00a0\u00bbbg_color\u00a0\u00bb bg_override=\u00a0\u00bbfull\u00a0\u00bb bg_color_value=\u00a0\u00bb#eaeaea\u00a0\u00bb][vc_column]<div id=\"ultimate-heading-146569f9d64e0757b\" class=\"uvc-heading ult-adjust-bottom-margin ultimate-heading-146569f9d64e0757b uvc-7191 \" data-hspacer=\"line_with_icon\" data-hline_width=\"150\" data-hicon_type=\"selector\" data-hborder_style=\"solid\" data-hborder_height=\"1\" data-hborder_color=\"#e1e1e1\" data-icon_width=\"14\" data-hfixer=\"10\"  data-halign=\"center\" style=\"text-align:center\"><div class=\"uvc-main-heading ult-responsive\"  data-ultimate-target='.uvc-heading.ultimate-heading-146569f9d64e0757b h3'  data-responsive-json-new='{\"font-size\":\"\",\"line-height\":\"\"}' ><h3 style=\"font-weight:normal;\">L\u2019APPROCHE DU PROGRAMME<\/h3><\/div><div class=\"uvc-heading-spacer line_with_icon\" style=\"margin-top:15px;margin-bottom:20px;height:14px;\"><div class=\"ult-just-icon-wrapper  \"><div class=\"align-icon\" style=\"text-align:center;\">\n<div class=\"aio-icon none \"  style=\"font-size:14px;display:inline-block;\">\n\t<i class=\"icomoonpack3-people\"><\/i>\n<\/div><\/div><\/div><\/div><div class=\"uvc-sub-heading ult-responsive\"  data-ultimate-target='.uvc-heading.ultimate-heading-146569f9d64e0757b .uvc-sub-heading '  data-responsive-json-new='{\"font-size\":\"desktop:20px;\",\"line-height\":\"\"}'  style=\"font-style:italic;font-weight:normal;margin-bottom:30px;\">Ce programme respecte les valeurs et principes retrouv\u00e9s dans le *concept de r\u00e9tablissement, soit celles de libert\u00e9, de choix, d\u2019autonomie et de citoyennet\u00e9. Le logement devient un pilier facilitant le r\u00e9tablissement par l\u2019acquisition de libert\u00e9 \u00e0 exercer des choix et par le d\u00e9veloppement de capacit\u00e9 \u00e0 agir sur sa vie.<\/p>\n<p>*Le r\u00e9tablissement est un processus unique d\u00e9butant l\u00e0 o\u00f9 la personne d\u00e9cide de ne plus donner \u00e0 la maladie le pouvoir de contr\u00f4ler toute sa vie. C\u2019est la red\u00e9couverte de soi, de ses capacit\u00e9s et de ses r\u00eaves tout en se donnant de nouvelles possibilit\u00e9s, et cela, avec ou sans la pr\u00e9sence de limites et de sympt\u00f4mes. C\u2019est l\u2019espoir d\u2019une vie meilleure. Lagueux (2007)<\/p>\n<p>Pour toute demande d&rsquo;information, veuillez communiquer avec le si\u00e8ge social des Habitations Nouveau D\u00e9part.<\/div><\/div>[\/vc_column][\/vc_row][vc_row center_row=\u00a0\u00bbyes\u00a0\u00bb][vc_column width=\u00a0\u00bb1\/2&Prime;]<div id=\"ultimate-heading-550369f9d64e076ce\" class=\"uvc-heading ult-adjust-bottom-margin ultimate-heading-550369f9d64e076ce uvc-6414 \" data-hspacer=\"line_with_icon\" data-hline_width=\"150\" data-hicon_type=\"selector\" data-hborder_style=\"solid\" data-hborder_height=\"1\" data-hborder_color=\"#cccccc\" data-icon_width=\"8\" data-hfixer=\"10\"  data-halign=\"right\" style=\"text-align:right\"><div class=\"uvc-main-heading ult-responsive\"  data-ultimate-target='.uvc-heading.ultimate-heading-550369f9d64e076ce h3'  data-responsive-json-new='{\"font-size\":\"\",\"line-height\":\"\"}' ><h3 style=\"font-weight:normal;\">VOLET \u00c9VALUATION<\/h3><\/div><div class=\"uvc-heading-spacer line_with_icon\" style=\"margin-top:15px;margin-bottom:20px;height:8px;\"><div class=\"ult-just-icon-wrapper  \"><div class=\"align-icon\" style=\"text-align:right;\">\n<div class=\"aio-icon none \"  style=\"font-size:8px;display:inline-block;\">\n\t<i class=\"Defaults-circle\"><\/i>\n<\/div><\/div><\/div><\/div><div class=\"uvc-sub-heading ult-responsive\"  data-ultimate-target='.uvc-heading.ultimate-heading-550369f9d64e076ce .uvc-sub-heading '  data-responsive-json-new='{\"font-size\":\"desktop:20px;\",\"line-height\":\"desktop:28px;\"}'  style=\"font-family:&#039;Lato&#039;;font-style:italic;font-weight:normal;margin-bottom:40px;\">Suite au financement de la Soci\u00e9t\u00e9 d\u2019habitation du Qu\u00e9bec, une recherche qualitative afin d\u2019identifier les conditions de r\u00e9ussites du programme Cl\u00e9s en main, en collaboration avec l\u2019Universit\u00e9 du Qu\u00e9bec en Outaouais, a \u00e9t\u00e9 r\u00e9alis\u00e9e.<\/div><\/div>[\/vc_column][vc_column width=\u00a0\u00bb1\/2&Prime;][vc_single_image image=\u00a0\u00bb594&Prime; img_size=\u00a0\u00bbfull\u00a0\u00bb][\/vc_column][\/vc_row][vc_row full_width=\u00a0\u00bbstretch_row\u00a0\u00bb bg_style=\u00a0\u00bbdark-wrapper\u00a0\u00bb center_row=\u00a0\u00bbyes\u00a0\u00bb typo_style=\u00a0\u00bblight\u00a0\u00bb css=\u00a0\u00bb.vc_custom_1637782050532{margin-bottom: 0px !important;padding-bottom: 32px !important;}\u00a0\u00bb][vc_column width=\u00a0\u00bb1\/2&Prime; typo_style=\u00a0\u00bbdark\u00a0\u00bb][vc_single_image image=\u00a0\u00bb532&Prime; img_size=\u00a0\u00bbfull\u00a0\u00bb][\/vc_column][vc_column width=\u00a0\u00bb1\/2&Prime;]<div class=\"zozo-parallax-header wpb_animate_when_almost_visible wpb_bottom-to-top\"><div class=\"parallax-header\"><h4 class=\"parallax-title text-left\">NOS R\u00c9SIDENCES<\/h4><div class=\"parallax-desc default-style text-left\"><p><strong>CHAQUE PERSONNE<\/strong> qui d\u00e9sire nos services de soutien au logement doit s\u2019impliquer car :<\/p>\n<ul>\n<li>Nous travaillons en concertation avec la personne et son \u00e9quipe de suivi<\/li>\n<li>Nous suivons un plan d\u2019intervention individualis\u00e9 fait sp\u00e9cifiquement pour et avec la personne et son \u00e9quipe de suivi<\/li>\n<li>Nous \u00e9tablissons des d\u00e9marches \u00e0 suivre personnalis\u00e9es, \u00e9tablies \u00e0 partir des besoins de chaque personne.<\/li>\n<\/ul>\n<\/div><\/div><\/div>[vc_btn title=\u00a0\u00bbEN SAVOIR PLUS\u00a0\u00bb align=\u00a0\u00bbleft\u00a0\u00bb css_animation=\u00a0\u00bbappear\u00a0\u00bb link=\u00a0\u00bburl:%2Fnous-joindre%2F\u00a0\u00bb][\/vc_column][\/vc_row]<\/p>\n<\/div>","protected":false},"excerpt":{"rendered":"<p>[vc_row center_row=\u00a0\u00bbyes\u00a0\u00bb typo_style=\u00a0\u00bblight\u00a0\u00bb bg_type=\u00a0\u00bbbg_color\u00a0\u00bb bg_override=\u00a0\u00bbfull\u00a0\u00bb css=\u00a0\u00bb.vc_custom_1637781936916{background-image: url(https:\/\/www.hndgatineau.org\/fr\/wp-content\/uploads\/2021\/11\/slider-3.png?id=284) !important;background-position: center !important;background-repeat: no-repeat !important;background-size: cover !important;}\u00a0\u00bb bg_color_value=\u00a0\u00bb#dda83c\u00a0\u00bb][vc_column][\/vc_column][\/vc_row][vc_row center_row=\u00a0\u00bbyes\u00a0\u00bb bg_type=\u00a0\u00bbimage\u00a0\u00bb parallax_style=\u00a0\u00bbvcpb-vz-jquery\u00a0\u00bb enable_overlay=\u00a0\u00bbenable_overlay_value\u00a0\u00bb overlay_color=\u00a0\u00bbrgba(0,0,0,0.5)\u00a0\u00bb overlay_pattern=\u00a0\u00bbtransperant\u00a0\u00bb][vc_column][vc_row_inner][vc_column_inner width=\u00a0\u00bb1\/3&Prime; typo_style=\u00a0\u00bbdark\u00a0\u00bb][\/vc_column_inner][vc_column_inner width=\u00a0\u00bb1\/3&Prime; typo_style=\u00a0\u00bbdark\u00a0\u00bb][\/vc_column_inner][vc_column_inner width=\u00a0\u00bb1\/3&Prime; typo_style=\u00a0\u00bbdark\u00a0\u00bb][\/vc_column_inner][\/vc_row_inner][vc_empty_space][vc_row_inner][vc_column_inner width=\u00a0\u00bb1\/3&Prime; typo_style=\u00a0\u00bbdark\u00a0\u00bb][\/vc_column_inner][vc_column_inner width=\u00a0\u00bb1\/3&Prime;&#8230;<\/p>\n","protected":false},"author":1,"featured_media":0,"parent":0,"menu_order":0,"comment_status":"closed","ping_status":"closed","template":"template-fullwidth.php","meta":{"footnotes":""},"class_list":["post-146","page","type-page","status-publish","hentry"],"_links":{"self":[{"href":"https:\/\/hndgatineau.org\/fr\/wp-json\/wp\/v2\/pages\/146","targetHints":{"allow":["GET"]}}],"collection":[{"href":"https:\/\/hndgatineau.org\/fr\/wp-json\/wp\/v2\/pages"}],"about":[{"href":"https:\/\/hndgatineau.org\/fr\/wp-json\/wp\/v2\/types\/page"}],"author":[{"embeddable":true,"href":"https:\/\/hndgatineau.org\/fr\/wp-json\/wp\/v2\/users\/1"}],"replies":[{"embeddable":true,"href":"https:\/\/hndgatineau.org\/fr\/wp-json\/wp\/v2\/comments?post=146"}],"version-history":[{"count":61,"href":"https:\/\/hndgatineau.org\/fr\/wp-json\/wp\/v2\/pages\/146\/revisions"}],"predecessor-version":[{"id":865,"href":"https:\/\/hndgatineau.org\/fr\/wp-json\/wp\/v2\/pages\/146\/revisions\/865"}],"wp:attachment":[{"href":"https:\/\/hndgatineau.org\/fr\/wp-json\/wp\/v2\/media?parent=146"}],"curies":[{"name":"wp","href":"https:\/\/api.w.org\/{rel}","templated":true}]}}