{"id":112,"date":"2015-08-28T14:06:03","date_gmt":"2015-08-28T14:06:03","guid":{"rendered":"http:\/\/zozothemes.com\/wp\/mist\/xml\/?page_id=112"},"modified":"2024-04-22T12:48:07","modified_gmt":"2024-04-22T16:48:07","slug":"home","status":"publish","type":"page","link":"https:\/\/hndgatineau.org\/fr\/","title":{"rendered":"Home"},"content":{"rendered":"<div class=\"wpb-content-wrapper\"><p>[vc_row center_row=\u00a0\u00bbyes\u00a0\u00bb][vc_column][vc_row_inner][vc_column_inner]<div class=\"zozo-parallax-header\"><div class=\"parallax-header\"><h2 class=\"parallax-title text-center\">LES MILIEUX DE VIE<\/h2><div class=\"parallax-desc default-style text-center\"><h5 style=\"text-align: center;\">R\u00e9sidences de groupe, appartements supervis\u00e9s, etc.<\/h5>\n<\/div><\/div><\/div>[vc_empty_space][\/vc_column_inner][\/vc_row_inner]<div class=\"zozo-parallax-header\"><div class=\"parallax-header\"><div class=\"parallax-desc default-style text-left\"><h4><b>R\u00e9sidences de groupe\u00a0:<\/b><\/h4>\n<\/div><\/div><\/div>[vc_row_inner][vc_column_inner width=\u00a0\u00bb1\/3&Prime;]<div class=\"zozo-feature-box feature-box-style zozo-img-hover zozo-img-hover-grow style-info-box style-box-without-bg style-sep-no  wpb_animate_when_almost_visible wpb_bottom-to-top\" id=\"feature-box-1\"><div class=\"grid-item\"><div class=\"grid-box-inner grid-text-left grid-box-image grid-shape-none\"><div class=\"grid-image-wrapper zozo-image-wrapper img-none\"><img loading=\"lazy\" decoding=\"async\" width=\"500\" height=\"320\" src=\"https:\/\/hndgatineau.org\/wp-content\/uploads\/2021\/11\/RESIDENCE-CHARLES-DESNOYERS-500x320.jpg\" class=\"img-none attachment-theme-mid\" alt=\"\" title=\"RESIDENCE-CHARLES-DESNOYERS\" \/><\/div><div class=\"grid-content-wrapper\"><h5 class=\"grid-title \" >R\u00e9sidence Charles-Desnoyers<\/h5><\/div><\/div><\/div><\/div>[\/vc_column_inner][vc_column_inner width=\u00a0\u00bb1\/3&Prime;]<div class=\"zozo-feature-box feature-box-style zozo-img-hover zozo-img-hover-grow style-info-box style-box-without-bg style-sep-no  wpb_animate_when_almost_visible wpb_bottom-to-top\" id=\"feature-box-2\"><div class=\"grid-item\"><div class=\"grid-box-inner grid-text-left grid-box-image grid-shape-none\"><div class=\"grid-image-wrapper zozo-image-wrapper img-none\"><img loading=\"lazy\" decoding=\"async\" width=\"500\" height=\"320\" src=\"https:\/\/hndgatineau.org\/wp-content\/uploads\/2021\/11\/RESIDENCE-BERTHE-500x320.jpg\" class=\"img-none attachment-theme-mid\" alt=\"\" title=\"RESIDENCE-BERTHE\" \/><\/div><div class=\"grid-content-wrapper\"><h5 class=\"grid-title \" >R\u00e9sidence d'\u00c9vry<\/h5><\/div><\/div><\/div><\/div>[\/vc_column_inner][vc_column_inner width=\u00a0\u00bb1\/3&Prime;]<div class=\"zozo-feature-box feature-box-style zozo-img-hover zozo-img-hover-grow style-info-box style-box-without-bg style-sep-no  wpb_animate_when_almost_visible wpb_bottom-to-top\" id=\"feature-box-3\"><div class=\"grid-item\"><div class=\"grid-box-inner grid-text-left grid-box-image grid-shape-none\"><div class=\"grid-image-wrapper zozo-image-wrapper img-none\"><img loading=\"lazy\" decoding=\"async\" width=\"500\" height=\"320\" src=\"https:\/\/hndgatineau.org\/wp-content\/uploads\/2021\/11\/Residence-St-Cyr-500x320.jpg\" class=\"img-none attachment-theme-mid\" alt=\"\" title=\"Residence-St-Cyr\" \/><\/div><div class=\"grid-content-wrapper\"><h5 class=\"grid-title \" >R\u00e9sidence Saint-Cyr<\/h5><\/div><\/div><\/div><\/div>[\/vc_column_inner][\/vc_row_inner][vc_empty_space height=\u00a0\u00bb50px\u00a0\u00bb]<div class=\"zozo-parallax-header\"><div class=\"parallax-header\"><div class=\"parallax-desc default-style text-left\"><h4><b>Appartements supervis\u00e9s:<\/b><\/h4>\n<\/div><\/div><\/div>[vc_row_inner][vc_column_inner width=\u00a0\u00bb1\/3&Prime;]<div class=\"zozo-feature-box feature-box-style zozo-img-hover zozo-img-hover-grow style-info-box style-box-without-bg style-sep-no  wpb_animate_when_almost_visible wpb_bottom-to-top\" id=\"feature-box-4\"><div class=\"grid-item\"><div class=\"grid-box-inner grid-text-left grid-box-image grid-shape-none\"><div class=\"grid-image-wrapper zozo-image-wrapper img-none\"><img loading=\"lazy\" decoding=\"async\" width=\"500\" height=\"320\" src=\"https:\/\/hndgatineau.org\/wp-content\/uploads\/2021\/11\/Residence-137-500x320.jpg\" class=\"img-none attachment-theme-mid\" alt=\"\" title=\"Residence-137\" \/><\/div><div class=\"grid-content-wrapper\"><h5 class=\"grid-title \" >R\u00e9sidence 137<\/h5><\/div><\/div><\/div><\/div>[\/vc_column_inner][vc_column_inner width=\u00a0\u00bb1\/3&Prime;]<div class=\"zozo-feature-box feature-box-style zozo-img-hover zozo-img-hover-grow style-info-box style-box-without-bg style-sep-no  wpb_animate_when_almost_visible wpb_bottom-to-top\" id=\"feature-box-5\"><div class=\"grid-item\"><div class=\"grid-box-inner grid-text-left grid-box-image grid-shape-none\"><div class=\"grid-image-wrapper zozo-image-wrapper img-none\"><img loading=\"lazy\" decoding=\"async\" width=\"500\" height=\"320\" src=\"https:\/\/hndgatineau.org\/wp-content\/uploads\/2021\/11\/residence-mloney-500x320.jpg\" class=\"img-none attachment-theme-mid\" alt=\"\" title=\"residence-mloney\" \/><\/div><div class=\"grid-content-wrapper\"><h5 class=\"grid-title \" >R\u00e9sidence Maloney<\/h5><\/div><\/div><\/div><\/div>[\/vc_column_inner][vc_column_inner width=\u00a0\u00bb1\/3&Prime;]<div class=\"zozo-feature-box feature-box-style zozo-img-hover zozo-img-hover-grow style-info-box style-box-without-bg style-sep-no  wpb_animate_when_almost_visible wpb_bottom-to-top\" id=\"feature-box-6\"><div class=\"grid-item\"><div class=\"grid-box-inner grid-text-left grid-box-image grid-shape-none\"><div class=\"grid-image-wrapper zozo-image-wrapper img-none\"><img loading=\"lazy\" decoding=\"async\" width=\"500\" height=\"320\" src=\"https:\/\/hndgatineau.org\/wp-content\/uploads\/2021\/11\/residence-oak-500x320.jpg\" class=\"img-none attachment-theme-mid\" alt=\"\" title=\"residence-oak\" \/><\/div><div class=\"grid-content-wrapper\"><h5 class=\"grid-title \" >R\u00e9sidence Oak<\/h5><\/div><\/div><\/div><\/div>[\/vc_column_inner][\/vc_row_inner][vc_empty_space height=\u00a0\u00bb50px\u00a0\u00bb]<div class=\"zozo-parallax-header\"><div class=\"parallax-header\"><div class=\"parallax-desc default-style text-left\"><h4 class=\"grid-title \"><strong>Programme cl\u00e9s en main:<\/strong><\/h4>\n<\/div><\/div><\/div>[vc_row_inner][vc_column_inner width=\u00a0\u00bb1\/3&Prime;]<div class=\"zozo-feature-box feature-box-style zozo-img-hover zozo-img-hover-grow style-info-box style-box-without-bg style-sep-no  wpb_animate_when_almost_visible wpb_bottom-to-top\" id=\"feature-box-7\"><div class=\"grid-item\"><div class=\"grid-box-inner grid-text-left grid-box-image grid-shape-none\"><div class=\"grid-image-wrapper zozo-image-wrapper img-none\"><img loading=\"lazy\" decoding=\"async\" width=\"500\" height=\"320\" src=\"https:\/\/hndgatineau.org\/wp-content\/uploads\/2021\/12\/1000_F_113593596_MeH18mixo0rz5rG88DMX8gvyllP9aFhn-500x320.jpg\" class=\"img-none attachment-theme-mid\" alt=\"\" title=\"1000_F_113593596_MeH18mixo0rz5rG88DMX8gvyllP9aFhn\" \/><\/div><div class=\"grid-content-wrapper\"><\/div><\/div><\/div><\/div>[\/vc_column_inner][vc_column_inner width=\u00a0\u00bb1\/3&Prime;][\/vc_column_inner][vc_column_inner width=\u00a0\u00bb1\/3&Prime;][\/vc_column_inner][\/vc_row_inner][\/vc_column][\/vc_row][vc_row bg_style=\u00a0\u00bbbg-normal\u00a0\u00bb center_row=\u00a0\u00bbyes\u00a0\u00bb css=\u00a0\u00bb.vc_custom_1637685640411{padding-top: 45px !important;padding-bottom: 45px !important;}\u00a0\u00bb][vc_column css=\u00a0\u00bb.vc_custom_1440852446149{margin-top: -15px !important;}\u00a0\u00bb offset=\u00a0\u00bbvc_col-lg-3 vc_col-md-3&Prime;][vc_column_text css_animation=\u00a0\u00bbappear\u00a0\u00bb]<\/p>\n<h2><span style=\"color: #595a5a;\">COMMENT PEUX TU AIDER ?<\/span><\/h2>\n<p>[\/vc_column_text][\/vc_column][vc_column offset=\u00a0\u00bbvc_col-lg-9 vc_col-md-9&Prime;][vc_row_inner][vc_column_inner width=\u00a0\u00bb1\/3&Prime; offset=\u00a0\u00bbvc_col-lg-4 vc_col-md-4&Prime;]<div class=\"zozo-feature-box feature-box-style style-default-box style-sep-yes  wpb_animate_when_almost_visible wpb_left-to-right\" id=\"feature-box-8\"><div class=\"grid-item\"><div class=\"grid-box-inner grid-text-left grid-box-exlarge grid-box-icon-none grid-shape-none\"><div class=\"grid-icon-wrapper icon-hv-color shape-icon-none\"><i class=\"icomoon2 icomoon2-number11 grid-icon zozo-icon icon-none icon-skin-light icon-bg pattern-1 icon-exlarge\"><\/i><\/div><div class=\"grid-content-wrapper\"><h4 class=\"grid-title \" style=\"color:#595a5a;\">DEVENEZ B\u00c9N\u00c9VOLE<\/h4><\/div><\/div><\/div><\/div>[\/vc_column_inner][vc_column_inner width=\u00a0\u00bb1\/3&Prime;]<div class=\"zozo-feature-box feature-box-style style-default-box style-sep-yes  wpb_animate_when_almost_visible wpb_appear\" id=\"feature-box-9\"><div class=\"grid-item\"><div class=\"grid-box-inner grid-text-left grid-box-exlarge grid-box-icon-none grid-shape-none\"><div class=\"grid-icon-wrapper icon-hv-color shape-icon-none\"><i class=\"icomoon2 icomoon2-number12 grid-icon zozo-icon icon-none icon-skin-light icon-bg pattern-1 icon-exlarge\"><\/i><\/div><div class=\"grid-content-wrapper\"><h4 class=\"grid-title \" style=\"color:#595a5a;\">FAIRE UN DON<\/h4><\/div><\/div><\/div><\/div>[\/vc_column_inner][vc_column_inner width=\u00a0\u00bb1\/3&Prime;]<div class=\"zozo-feature-box feature-box-style style-default-box style-sep-yes  wpb_animate_when_almost_visible wpb_right-to-left\" id=\"feature-box-10\"><div class=\"grid-item\"><div class=\"grid-box-inner grid-text-left grid-box-exlarge grid-box-icon-none grid-shape-none\"><div class=\"grid-icon-wrapper icon-hv-color shape-icon-none\"><i class=\"icomoon2 icomoon2-number13 grid-icon zozo-icon icon-none icon-skin-light icon-bg pattern-1 icon-exlarge\"><\/i><\/div><div class=\"grid-content-wrapper\"><h4 class=\"grid-title \" style=\"color:#595a5a;\">DEVENEZ STAGIAIRE<\/h4><\/div><\/div><\/div><\/div>[\/vc_column_inner][\/vc_row_inner][\/vc_column][\/vc_row][vc_row parallax=\u00a0\u00bbcontent-moving\u00a0\u00bb center_row=\u00a0\u00bbyes\u00a0\u00bb typo_style=\u00a0\u00bblight\u00a0\u00bb bg_type=\u00a0\u00bbbg_color\u00a0\u00bb enable_overlay=\u00a0\u00bbenable_overlay_value\u00a0\u00bb overlay_color=\u00a0\u00bbrgba(30,65,78,0.5)\u00a0\u00bb css=\u00a0\u00bb.vc_custom_1637686077672{background-image: url(https:\/\/www.hndgatineau.org\/fr\/wp-content\/uploads\/2021\/11\/valleurs-bg.jpg?id=192) !important;}\u00a0\u00bb][vc_column]<div class=\"zozo-parallax-header wpb_animate_when_almost_visible wpb_appear\"><div class=\"parallax-header\"><h2 class=\"parallax-title text-center\">Nos valeurs<\/h2><\/div><\/div>[vc_btn title=\u00a0\u00bbEN SAVOIR PLUS\u00a0\u00bb align=\u00a0\u00bbcenter\u00a0\u00bb css_animation=\u00a0\u00bbappear\u00a0\u00bb link=\u00a0\u00bburl:%2Fmission%2F\u00a0\u00bb][\/vc_column][\/vc_row][vc_row center_row=\u00a0\u00bbyes\u00a0\u00bb][vc_column width=\u00a0\u00bb1\/2&Prime;][vc_single_image image=\u00a0\u00bb501&Prime; img_size=\u00a0\u00bbfull\u00a0\u00bb][\/vc_column][vc_column width=\u00a0\u00bb1\/2&Prime;]<div class=\"zozo-parallax-header wpb_animate_when_almost_visible wpb_appear\"><div class=\"parallax-header\"><h4 class=\"parallax-title text-left\">DERNI\u00c8RES NOUVELLES<\/h4><\/div><\/div><div class=\"zozo-latest-posts-wrapper wpb_animate_when_almost_visible wpb_bottom-to-top\"><div class=\"latest-posts-layout row\"><div id=\"post-939\" class=\"col-xs-12 post-939 post type-post status-publish format-standard hentry category-nouvelles\"><div class=\"posts-inner-container clearfix\"><div class=\"posts-content-container\"><div class=\"entry-header\"><h2 class=\"entry-title\"><a href=\"https:\/\/hndgatineau.org\/fr\/2026\/03\/17\/le-communautaire-a-boutte-2\/\" rel=\"bookmark\" title=\"Le communautaire \u00e0 boutte\">Le communautaire \u00e0 boutte<\/a><\/h2><\/div><div class=\"entry-summary\"><p>\r\n\r\nLes Habitations Nouveau D\u00e9part se joignent au mandat de gr\u00e8ve du milieu communautaire afin de soutenir la cause...<\/p><\/div><div class=\"entry-meta-wrapper\"><ul class=\"entry-meta\"><li class=\"posted-date\"><i class=\"fa fa-calendar\"><\/i> 17.03.2026<\/li><li class=\"read-more\"><a href=\"https:\/\/hndgatineau.org\/fr\/2026\/03\/17\/le-communautaire-a-boutte-2\/\" class=\"read-more-link\" title=\"Le communautaire \u00e0 boutte\">En savoir plus<\/a><\/li><\/ul><\/div><\/div><\/div><\/div><\/div><\/div>[\/vc_column][\/vc_row][vc_row bg_style=\u00a0\u00bbdark-wrapper\u00a0\u00bb center_row=\u00a0\u00bbyes\u00a0\u00bb typo_style=\u00a0\u00bblight\u00a0\u00bb][vc_column width=\u00a0\u00bb1\/2&Prime; typo_style=\u00a0\u00bbdark\u00a0\u00bb][vc_single_image image=\u00a0\u00bb532&Prime; img_size=\u00a0\u00bbfull\u00a0\u00bb][\/vc_column][vc_column width=\u00a0\u00bb1\/2&Prime;]<div class=\"zozo-parallax-header wpb_animate_when_almost_visible wpb_bottom-to-top\"><div class=\"parallax-header\"><h4 class=\"parallax-title text-left\">NOS R\u00c9SIDENCES<\/h4><div class=\"parallax-desc default-style text-left\"><p><strong>CHAQUE PERSONNE<\/strong> qui d\u00e9sire nos services de soutien au logement doit s\u2019impliquer car :<\/p>\n<ul>\n<li>Nous travaillons en concertation avec la personne et son \u00e9quipe de suivi<\/li>\n<li>Nous suivons un plan d\u2019intervention individualis\u00e9 fait sp\u00e9cifiquement pour et avec la personne et son \u00e9quipe de suivi<\/li>\n<li>Nous \u00e9tablissons des d\u00e9marches \u00e0 suivre personnalis\u00e9es, \u00e9tablies \u00e0 partir des besoins de chaque personne<\/li>\n<\/ul>\n<\/div><\/div><\/div>[vc_btn title=\u00a0\u00bbEN SAVOIR PLUS\u00a0\u00bb align=\u00a0\u00bbleft\u00a0\u00bb css_animation=\u00a0\u00bbappear\u00a0\u00bb link=\u00a0\u00bburl:%2Fnous-joindre%2F\u00a0\u00bb][\/vc_column][\/vc_row][vc_row][vc_column width=\u00a0\u00bb1\/6&Prime;][vc_single_image image=\u00a0\u00bb364&Prime; alignment=\u00a0\u00bbcenter\u00a0\u00bb][\/vc_column][vc_column width=\u00a0\u00bb1\/6&Prime;][vc_single_image image=\u00a0\u00bb365&Prime; alignment=\u00a0\u00bbcenter\u00a0\u00bb][\/vc_column][vc_column width=\u00a0\u00bb1\/6&Prime;][vc_single_image image=\u00a0\u00bb363&Prime; alignment=\u00a0\u00bbcenter\u00a0\u00bb][\/vc_column][vc_column width=\u00a0\u00bb1\/6&Prime;][vc_single_image image=\u00a0\u00bb366&Prime; alignment=\u00a0\u00bbcenter\u00a0\u00bb][\/vc_column][vc_column width=\u00a0\u00bb1\/6&Prime;][vc_single_image image=\u00a0\u00bb368&Prime; alignment=\u00a0\u00bbcenter\u00a0\u00bb][\/vc_column][vc_column width=\u00a0\u00bb1\/6&Prime;][vc_single_image image=\u00a0\u00bb367&Prime; alignment=\u00a0\u00bbcenter\u00a0\u00bb][\/vc_column][\/vc_row]<\/p>\n<\/div>","protected":false},"excerpt":{"rendered":"<p>[vc_row center_row=\u00a0\u00bbyes\u00a0\u00bb][vc_column][vc_row_inner][vc_column_inner][vc_empty_space][\/vc_column_inner][\/vc_row_inner][vc_row_inner][vc_column_inner width=\u00a0\u00bb1\/3&Prime;][\/vc_column_inner][vc_column_inner width=\u00a0\u00bb1\/3&Prime;][\/vc_column_inner][vc_column_inner width=\u00a0\u00bb1\/3&Prime;][\/vc_column_inner][\/vc_row_inner][vc_empty_space height=\u00a0\u00bb50px\u00a0\u00bb][vc_row_inner][vc_column_inner width=\u00a0\u00bb1\/3&Prime;][\/vc_column_inner][vc_column_inner width=\u00a0\u00bb1\/3&Prime;][\/vc_column_inner][vc_column_inner width=\u00a0\u00bb1\/3&Prime;][\/vc_column_inner][\/vc_row_inner][vc_empty_space height=\u00a0\u00bb50px\u00a0\u00bb][vc_row_inner][vc_column_inner width=\u00a0\u00bb1\/3&Prime;][\/vc_column_inner][vc_column_inner width=\u00a0\u00bb1\/3&Prime;][\/vc_column_inner][vc_column_inner width=\u00a0\u00bb1\/3&Prime;][\/vc_column_inner][\/vc_row_inner][\/vc_column][\/vc_row][vc_row bg_style=\u00a0\u00bbbg-normal\u00a0\u00bb center_row=\u00a0\u00bbyes\u00a0\u00bb css=\u00a0\u00bb.vc_custom_1637685640411{padding-top: 45px !important;padding-bottom: 45px !important;}\u00a0\u00bb][vc_column css=\u00a0\u00bb.vc_custom_1440852446149{margin-top: -15px !important;}\u00a0\u00bb offset=\u00a0\u00bbvc_col-lg-3 vc_col-md-3&Prime;][vc_column_text css_animation=\u00a0\u00bbappear\u00a0\u00bb] COMMENT PEUX TU AIDER&#8230;<\/p>\n","protected":false},"author":1,"featured_media":0,"parent":0,"menu_order":0,"comment_status":"closed","ping_status":"closed","template":"template-fullwidth.php","meta":{"footnotes":""},"class_list":["post-112","page","type-page","status-publish","hentry"],"_links":{"self":[{"href":"https:\/\/hndgatineau.org\/fr\/wp-json\/wp\/v2\/pages\/112","targetHints":{"allow":["GET"]}}],"collection":[{"href":"https:\/\/hndgatineau.org\/fr\/wp-json\/wp\/v2\/pages"}],"about":[{"href":"https:\/\/hndgatineau.org\/fr\/wp-json\/wp\/v2\/types\/page"}],"author":[{"embeddable":true,"href":"https:\/\/hndgatineau.org\/fr\/wp-json\/wp\/v2\/users\/1"}],"replies":[{"embeddable":true,"href":"https:\/\/hndgatineau.org\/fr\/wp-json\/wp\/v2\/comments?post=112"}],"version-history":[{"count":42,"href":"https:\/\/hndgatineau.org\/fr\/wp-json\/wp\/v2\/pages\/112\/revisions"}],"predecessor-version":[{"id":796,"href":"https:\/\/hndgatineau.org\/fr\/wp-json\/wp\/v2\/pages\/112\/revisions\/796"}],"wp:attachment":[{"href":"https:\/\/hndgatineau.org\/fr\/wp-json\/wp\/v2\/media?parent=112"}],"curies":[{"name":"wp","href":"https:\/\/api.w.org\/{rel}","templated":true}]}}